{"id":1924,"date":"2025-11-13T12:20:50","date_gmt":"2025-11-13T12:20:50","guid":{"rendered":"https:\/\/afk-spin.org\/app\/"},"modified":"2026-03-18T11:53:30","modified_gmt":"2026-03-18T11:53:30","slug":"aplicacao","status":"publish","type":"page","link":"https:\/\/afk-spin.org\/pt-pt\/aplicacao\/","title":{"rendered":"Aplica\u00e7\u00e3o"},"content":{"rendered":"<h1>AFKSpin App m\u00f3vel<\/h1>\n<p>AFKSpin App funciona como uma Aplica\u00e7\u00e3o Web Progressiva (PWA) e permite abrir o nosso lobby apenas tocando num \u00edcone no ecr\u00e3 inicial. Ela oferece acesso mais r\u00e1pido a mais de 6.000 t\u00edtulos atrav\u00e9s de um dispositivo m\u00f3vel, com slots, mesas com crupi\u00ea ao vivo e jogos cl\u00e1ssicos como roleta e blackjack.<\/p>\n<p>A aplica\u00e7\u00e3o AFK Spin \u00e9 uma excelente solu\u00e7\u00e3o para jogadores portugueses que desejam sess\u00f5es r\u00e1pidas em movimento. Ela abre em ecr\u00e3 inteiro. Mant\u00e9m os menus simples e carrega os jogos rapidamente em navegadores modernos. Al\u00e9m disso, o AFKSpin Casino mant\u00e9m a sua carteira, b\u00f3nus e ferramentas de suporte num s\u00f3 lugar, para que n\u00e3o precise criar contas de casino separadas para desktop e telem\u00f3vel.<\/p>\n<p><div class=\"banner-wrap\" aria-label=\"Banner\"><img src=\"https:\/\/afk-spin.org\/wp-content\/uploads\/2025\/12\/AFK-Spins-banner-carousel-932\u044540.webp\" class=\"w-100 d-none d-lg-block img-pc main-banner-img\" alt=\"AFK Spins banner desktop\" fetchpriority=\"high\" decoding=\"async\"><img src=\"https:\/\/afk-spin.org\/wp-content\/uploads\/2025\/12\/Frame-36-1.webp\" class=\"w-100 d-none d-md-block d-lg-none main-banner-img\" alt=\"AFK Spins banner desktop\" fetchpriority=\"high\" decoding=\"async\"><img src=\"https:\/\/afk-spin.org\/wp-content\/uploads\/2025\/12\/Frame-36-1.webp\" class=\"w-100 d-md-none\" alt=\"AFK Spins banner desktop\" fetchpriority=\"high\" decoding=\"async\"><div class=\"banner-description\">\n<div class=\"banner-title\">B\u00f3nus de Boas-Vindas<\/div>\n<p class=\"banner-header-title\">1500 \u20ac<\/p>\n<div class=\"banner-header-AdditionalText\">+ 250 Rodadas Gr\u00e1tis<\/div>\n<button data-item=\"homepage_banner_link\" class=\"goto m-button m-gradient-border m-button--primary m-button--large banner-button btn-orange\">\n            <div class=\"m-button-content\">\n                <span>Registe-se agora<\/span>\n                <span><\/span>\n            <\/div>\n        <\/button>\n<\/div>\n<div class=\"WelcomePack\">\n<p><img loading=\"lazy\" decoding=\"async\" class=\"alignnone size-full wp-image-1884\" src=\"https:\/\/afk-spin.org\/wp-content\/uploads\/2026\/03\/welcome-crown.png\" alt=\"welcome crown\" width=\"25\" height=\"26\" \/><\/p>\n<div class=\"WelcomePack-Info\">Cashback semanal at\u00e9 25%<\/div>\n<p><img loading=\"lazy\" decoding=\"async\" class=\"alignnone size-full wp-image-1884\" src=\"https:\/\/afk-spin.org\/wp-content\/uploads\/2026\/03\/welcome-crown.png\" alt=\"welcome crown\" width=\"25\" height=\"26\" \/><\/p>\n<\/div>\n<\/div><div class=\"scrollable-content-wrap my-5\"><div class=\"scrollable-content-inner\"><h2>AFK Spin Casino Web para Windows e Mac<\/h2>\n<p>A vers\u00e3o web principal do nosso site permite uma experi\u00eancia de jogo perfeita em dispositivos Windows e Mac. No entanto, para maior comodidade, pode usar a nossa PWA n\u00e3o apenas no seu smartphone, mas tamb\u00e9m num laptop ou PC.<\/p>\n<p>Esta aplica\u00e7\u00e3o AFKSpin funciona na sua pr\u00f3pria janela e inicia-se como um programa normal. Tamb\u00e9m pode fixar a aplica\u00e7\u00e3o AFK Spin na sua barra de tarefas para aceder ao lobby com um clique.<\/p>\n<p>Siga estes passos para instal\u00e1-lo no Windows ou Mac:<\/p>\n<ol>\n<li>Abra a nossa p\u00e1gina inicial no seu navegador.<\/li>\n<li>Clique no \u00edcone com a seta para baixo na barra de endere\u00e7os.<\/li>\n<li>Toque no bot\u00e3o de instala\u00e7\u00e3o para iniciar o processo.<\/li>\n<\/ol>\n<p>A PWA atualiza-se automaticamente quando a abre. Tamb\u00e9m lhe d\u00e1 acesso direto ao chat ao vivo, \u00e0 verifica\u00e7\u00e3o da conta e ao seu hist\u00f3rico de transa\u00e7\u00f5es. A AFKSpin mant\u00e9m estas ferramentas dentro da mesma interface, permitindo um acesso f\u00e1cil a todas as informa\u00e7\u00f5es de que possa precisar.<\/p>\n<p><img loading=\"lazy\" decoding=\"async\" src=\"https:\/\/afk-spin.org\/wp-content\/uploads\/2025\/11\/AFKspin-Desktop.webp\" alt=\"AFKspin Desktop\" width=\"1248\" height=\"536\" \/><\/p>\n<\/div><\/div><div style=\"clear: both\"><\/div><div class=\"d-flex justify-content-center\"><button data-item=\"decouvrez_link\" data-group=\"website_links\" class=\"goto fw-bold rounded-pill btn btn-orange\" aria-label=\"Descarregue a aplica\u00e7\u00e3o AFKspin\" >Descarregue a aplica\u00e7\u00e3o AFKspin<\/button><\/div><div class=\"scrollable-content-wrap my-5\"><div class=\"scrollable-content-inner\"><h2>Vantagens da aplica\u00e7\u00e3o AFKSpin Casino<\/h2>\n<p>Tanto a aplica\u00e7\u00e3o como o site oferecem o mesmo produto principal. A diferen\u00e7a est\u00e1 na forma como acede ao mesmo e na sensa\u00e7\u00e3o durante o tempo de jogo. A aplica\u00e7\u00e3o \u00e9 adequada para utiliza\u00e7\u00e3o em dispositivos m\u00f3veis e sess\u00f5es curtas. O site funciona bem para jogadores que preferem uma guia do navegador num ecr\u00e3 maior.<\/p>\n<table>\n<tbody>\n<tr>\n<td>Caracter\u00edstica<\/td>\n<td>AFKSpin App<\/td>\n<td>Site AFK Spin<\/td>\n<\/tr>\n<tr>\n<td>Acesso<\/td>\n<td>Abra a partir do ecr\u00e3 inicial ou da barra de tarefas sem abrir o navegador<\/td>\n<td>Abra em qualquer navegador no Windows ou Mac<\/td>\n<\/tr>\n<tr>\n<td>Velocidade<\/td>\n<td>Carregamento r\u00e1pido e desempenho suave gra\u00e7as \u00e0 otimiza\u00e7\u00e3o HTML5 e cache<\/td>\n<td>Visuais est\u00e1veis no ambiente de trabalho com controlos completos do navegador<\/td>\n<\/tr>\n<tr>\n<td>Interface<\/td>\n<td>Layout intuitivo com navega\u00e7\u00e3o por deslize e rota\u00e7\u00e3o autom\u00e1tica<\/td>\n<td>Visualiza\u00e7\u00e3o em ecr\u00e3 inteiro que suporta multitarefa e v\u00e1rias guias<\/td>\n<\/tr>\n<tr>\n<td>Suporte<\/td>\n<td>O chat ao vivo abre dentro da aplica\u00e7\u00e3o<\/td>\n<td>Acesso \u00e0 Central de Ajuda atrav\u00e9s do site, com op\u00e7\u00f5es de chat e e-mail<\/td>\n<\/tr>\n<tr>\n<td>Estilo de jogo<\/td>\n<td>Ideal para sess\u00f5es r\u00e1pidas quando tem uma liga\u00e7\u00e3o fi\u00e1vel<\/td>\n<td>Ideal para sess\u00f5es mais longas e navega\u00e7\u00e3o prolongada<\/td>\n<\/tr>\n<tr>\n<td>Ferramentas da conta<\/td>\n<td>Gerencie dep\u00f3sitos, saques, b\u00f4nus e verifica\u00e7\u00e3o enquanto joga<\/td>\n<td>Use menus detalhados para gerenciamento completo da conta<\/td>\n<\/tr>\n<\/tbody>\n<\/table>\n<\/div><\/div><div style=\"clear: both\"><\/div><div class=\"d-flex justify-content-center\"><button data-item=\"decouvrez_link\" data-group=\"website_links\" class=\"goto fw-bold rounded-pill btn btn-orange\" aria-label=\"Descarregue AFKspin\" >Descarregue AFKspin<\/button><\/div><div class=\"scrollable-content-wrap my-5\"><div class=\"scrollable-content-inner\"><h2>Como instalar a aplica\u00e7\u00e3o AFKSpin num dispositivo Android?<\/h2>\n<p>A instala\u00e7\u00e3o no Android leva apenas um minuto e n\u00e3o requer o Google Play. Depois de adicion\u00e1-lo, o aplicativo AFKSpin aparece na sua tela inicial como qualquer outro atalho.<\/p>\n<ol>\n<li>Abra o site no seu dispositivo m\u00f3vel.<\/li>\n<li>Adicione o \u00edcone do casino ao ecr\u00e3 inicial atrav\u00e9s das defini\u00e7\u00f5es do navegador.<\/li>\n<li>Inicie a instala\u00e7\u00e3o com um toque num bot\u00e3o.<\/li>\n<\/ol>\n<p>A aplica\u00e7\u00e3o AFK Spin oferece acesso total \u00e0s nossas categorias de jogos, incluindo slots e jogos de mesa, al\u00e9m da sec\u00e7\u00e3o de casino ao vivo. Tamb\u00e9m pode reivindicar promo\u00e7\u00f5es, alterar limites, fazer dep\u00f3sitos e solicitar levantamentos no mesmo menu.<\/p>\n<p><img loading=\"lazy\" decoding=\"async\" src=\"https:\/\/afk-spin.org\/wp-content\/uploads\/2025\/11\/AFKspin-Android-App.webp\" alt=\"AFKspin Android\" width=\"1248\" height=\"536\" \/><\/p>\n<\/div><\/div><div style=\"clear: both\"><\/div><div class=\"d-flex justify-content-center\"><button data-item=\"decouvrez_link\" data-group=\"website_links\" class=\"goto fw-bold rounded-pill btn btn-orange\" aria-label=\"Descarregue a aplica\u00e7\u00e3o AFKspin\" >Descarregue a aplica\u00e7\u00e3o AFKspin<\/button><\/div><div class=\"scrollable-content-wrap my-5\"><div class=\"scrollable-content-inner\"><h2>Aplica\u00e7\u00e3o AFKSpin para iOS<\/h2>\n<p>Se utiliza um iPhone ou iPad, pode instalar a nossa PWA diretamente a partir do Safari. A aplica\u00e7\u00e3o AFKSpin funciona em todas as vers\u00f5es modernas do iOS e n\u00e3o requer a App Store. Mant\u00e9m o mesmo login e o mesmo caixa, para que possa alternar entre dispositivos sem configura\u00e7\u00e3o adicional.<\/p>\n<h3>Instalar a aplica\u00e7\u00e3o no iOS<\/h3>\n<p>Siga estes passos para colocar o \u00edcone no seu telem\u00f3vel:<\/p>\n<ol>\n<li>Abra a p\u00e1gina inicial no Safari.<\/li>\n<li>Adicione o \u00edcone do casino ao seu ecr\u00e3 inicial, selecionando a op\u00e7\u00e3o correta nas configura\u00e7\u00f5es do navegador.<\/li>\n<li>Inicie a aplica\u00e7\u00e3o AFKSpin a partir do ecr\u00e3 inicial e inicie sess\u00e3o.<\/li>\n<\/ol>\n<p>A aplica\u00e7\u00e3o AFK Spin permanece no seu ecr\u00e3 inicial, para que possa voltar com um \u00fanico toque. Depois de concluir a configura\u00e7\u00e3o, a aplica\u00e7\u00e3o do casino AFK Spin d\u00e1-lhe acesso r\u00e1pido a torneios e salas com crupi\u00eas ao vivo. O seu saldo permanece vis\u00edvel numa \u00fanica visualiza\u00e7\u00e3o. Tamb\u00e9m pode ativar as notifica\u00e7\u00f5es nas defini\u00e7\u00f5es do seu navegador para se manter informado sobre ofertas por tempo limitado.<\/p>\n<p><img loading=\"lazy\" decoding=\"async\" src=\"https:\/\/afk-spin.org\/wp-content\/uploads\/2025\/11\/AFKspin-iOS-App.webp\" alt=\"AFKspin iOS\" width=\"1248\" height=\"536\" \/><\/p>\n<\/div><\/div><div style=\"clear: both\"><\/div><div class=\"d-flex justify-content-center\"><button data-item=\"decouvrez_link\" data-group=\"website_links\" class=\"goto fw-bold rounded-pill btn btn-orange\" aria-label=\"Descarregue AFKspin\" >Descarregue AFKspin<\/button><\/div><div class=\"scrollable-content-wrap my-5\"><div class=\"scrollable-content-inner\"><h2>Perguntas frequentes<\/h2>\n<h3>Quais plataformas m\u00f3veis s\u00e3o compat\u00edveis com a aplica\u00e7\u00e3o AFKSpin Casino?<\/h3>\n<p>Pode utiliz\u00e1-la no Android e no iOS. Tamb\u00e9m pode instal\u00e1-la no Windows e no Mac atrav\u00e9s de um navegador compat\u00edvel. Este formato mant\u00e9m o desempenho est\u00e1vel e evita downloads pesados, ao mesmo tempo que lhe proporciona uma experi\u00eancia completa no lobby.<\/p>\n<h3>Os jogadores m\u00f3veis recebem b\u00f3nus exclusivos?<\/h3>\n<p>No AFK Spin, por vezes enviamos promo\u00e7\u00f5es exclusivas para dispositivos m\u00f3veis e alertas curtos para campanhas limitadas. Pode reivindicar estas ofertas a partir do seu perfil e utiliz\u00e1-las em jogos eleg\u00edveis.<\/p>\n<h3>Posso descarregar a aplica\u00e7\u00e3o diretamente da loja?<\/h3>\n<p>N\u00e3o. Pode instalar a aplica\u00e7\u00e3o AFKSpin a partir do nosso site. A aplica\u00e7\u00e3o AFKSpin atualiza-se automaticamente e utiliza menos espa\u00e7o de armazenamento do que muitas aplica\u00e7\u00f5es nativas. Se quiser um atalho no ambiente de trabalho, tamb\u00e9m pode instalar a aplica\u00e7\u00e3o AFK Spin com apenas alguns cliques.<\/p>\n<h3>A aplica\u00e7\u00e3o \u00e9 segura?<\/h3>\n<p>Utilizamos a mais avan\u00e7ada tecnologia de encripta\u00e7\u00e3o de dados para proteger as suas informa\u00e7\u00f5es confidenciais, independentemente do dispositivo que utilizar. O AFKSpin tamb\u00e9m suporta verifica\u00e7\u00f5es padr\u00e3o, que nos ajudam a confirmar a autenticidade das suas credenciais antes de aprovarmos levantamentos. Quando joga, a aplica\u00e7\u00e3o AFK Spin Casino segue todas as mesmas regras de seguran\u00e7a que o site para computador.<\/p>\n<\/div><\/div><\/p>\n","protected":false},"excerpt":{"rendered":"<p>AFKSpin App m\u00f3vel AFKSpin App funciona como uma Aplica\u00e7\u00e3o Web Progressiva (PWA) e permite abrir o nosso lobby apenas tocando num \u00edcone no ecr\u00e3 inicial. Ela oferece acesso mais r\u00e1pido a mais de 6.000 t\u00edtulos atrav\u00e9s de um dispositivo m\u00f3vel, com slots, mesas com crupi\u00ea ao vivo e jogos cl\u00e1ssicos como roleta e blackjack. A [&hellip;]<\/p>\n","protected":false},"author":1,"featured_media":0,"parent":0,"menu_order":0,"comment_status":"closed","ping_status":"closed","template":"template-builder.php","meta":{"_acf_changed":false,"inline_featured_image":false,"footnotes":""},"class_list":["post-1924","page","type-page","status-publish","hentry"],"acf":[],"yoast_head":"<!-- This site is optimized with the Yoast SEO plugin v27.3 - https:\/\/yoast.com\/product\/yoast-seo-wordpress\/ -->\n<title>AFKSpin app | Aplica\u00e7\u00e3o m\u00f3vel para Android &amp; iOS<\/title>\n<meta name=\"description\" content=\"Instale a AFK Spin application em minutos e jogue no Android &amp; iOS com desempenho fluido, in\u00edcio de sess\u00e3o seguro, op\u00e7\u00f5es de pagamento e levantamentos r\u00e1pidos.\" \/>\n<meta name=\"robots\" content=\"index, follow, max-snippet:-1, max-image-preview:large, max-video-preview:-1\" \/>\n<link rel=\"canonical\" href=\"https:\/\/afk-spin.org\/pt-pt\/aplicacao\/\" \/>\n<meta property=\"og:locale\" content=\"pt_PT\" \/>\n<meta property=\"og:type\" content=\"article\" \/>\n<meta property=\"og:title\" content=\"AFKSpin app | Aplica\u00e7\u00e3o m\u00f3vel para Android &amp; iOS\" \/>\n<meta property=\"og:description\" content=\"Instale a AFK Spin application em minutos e jogue no Android &amp; iOS com desempenho fluido, in\u00edcio de sess\u00e3o seguro, op\u00e7\u00f5es de pagamento e levantamentos r\u00e1pidos.\" \/>\n<meta property=\"og:url\" content=\"https:\/\/afk-spin.org\/pt-pt\/aplicacao\/\" \/>\n<meta property=\"og:site_name\" content=\"afkspin\" \/>\n<meta property=\"article:modified_time\" content=\"2026-03-18T11:53:30+00:00\" \/>\n<meta name=\"twitter:card\" content=\"summary_large_image\" \/>\n<meta name=\"twitter:label1\" content=\"Est. reading time\" \/>\n\t<meta name=\"twitter:data1\" content=\"1 minuto\" \/>\n<script type=\"application\/ld+json\" class=\"yoast-schema-graph\">{\"@context\":\"https:\\\/\\\/schema.org\",\"@graph\":[{\"@type\":\"WebPage\",\"@id\":\"https:\\\/\\\/afk-spin.org\\\/pt-pt\\\/aplicacao\\\/\",\"url\":\"https:\\\/\\\/afk-spin.org\\\/pt-pt\\\/aplicacao\\\/\",\"name\":\"AFKSpin app | Aplica\u00e7\u00e3o m\u00f3vel para Android & iOS\",\"isPartOf\":{\"@id\":\"https:\\\/\\\/afk-spin.org\\\/pt-pt\\\/#website\"},\"datePublished\":\"2025-11-13T12:20:50+00:00\",\"dateModified\":\"2026-03-18T11:53:30+00:00\",\"description\":\"Instale a AFK Spin application em minutos e jogue no Android & iOS com desempenho fluido, in\u00edcio de sess\u00e3o seguro, op\u00e7\u00f5es de pagamento e levantamentos r\u00e1pidos.\",\"breadcrumb\":{\"@id\":\"https:\\\/\\\/afk-spin.org\\\/pt-pt\\\/aplicacao\\\/#breadcrumb\"},\"inLanguage\":\"pt-PT\",\"potentialAction\":[{\"@type\":\"ReadAction\",\"target\":[\"https:\\\/\\\/afk-spin.org\\\/pt-pt\\\/aplicacao\\\/\"]}]},{\"@type\":\"BreadcrumbList\",\"@id\":\"https:\\\/\\\/afk-spin.org\\\/pt-pt\\\/aplicacao\\\/#breadcrumb\",\"itemListElement\":[{\"@type\":\"ListItem\",\"position\":1,\"name\":\"Afkspin\",\"item\":\"https:\\\/\\\/afk-spin.org\\\/pt-pt\\\/\"},{\"@type\":\"ListItem\",\"position\":2,\"name\":\"Aplica\u00e7\u00e3o\"}]},{\"@type\":\"WebSite\",\"@id\":\"https:\\\/\\\/afk-spin.org\\\/pt-pt\\\/#website\",\"url\":\"https:\\\/\\\/afk-spin.org\\\/pt-pt\\\/\",\"name\":\"Afkspin\",\"description\":\"\",\"publisher\":{\"@id\":\"https:\\\/\\\/afk-spin.org\\\/pt-pt\\\/#organization\"},\"potentialAction\":[{\"@type\":\"SearchAction\",\"target\":{\"@type\":\"EntryPoint\",\"urlTemplate\":\"https:\\\/\\\/afk-spin.org\\\/pt-pt\\\/?s={search_term_string}\"},\"query-input\":{\"@type\":\"PropertyValueSpecification\",\"valueRequired\":true,\"valueName\":\"search_term_string\"}}],\"inLanguage\":\"pt-PT\"},{\"@type\":\"Organization\",\"@id\":\"https:\\\/\\\/afk-spin.org\\\/pt-pt\\\/#organization\",\"name\":\"Afkspin\",\"url\":\"https:\\\/\\\/afk-spin.org\\\/pt-pt\\\/\",\"logo\":{\"@type\":\"ImageObject\",\"inLanguage\":\"pt-PT\",\"@id\":\"https:\\\/\\\/afk-spin.org\\\/pt-pt\\\/#\\\/schema\\\/logo\\\/image\\\/\",\"url\":\"https:\\\/\\\/afk-spin.org\\\/wp-content\\\/uploads\\\/2025\\\/11\\\/logo.svg\",\"contentUrl\":\"https:\\\/\\\/afk-spin.org\\\/wp-content\\\/uploads\\\/2025\\\/11\\\/logo.svg\",\"width\":84,\"height\":24,\"caption\":\"Afkspin\"},\"image\":{\"@id\":\"https:\\\/\\\/afk-spin.org\\\/pt-pt\\\/#\\\/schema\\\/logo\\\/image\\\/\"}}]}<\/script>\n<!-- \/ Yoast SEO plugin. -->","yoast_head_json":{"title":"AFKSpin app | Aplica\u00e7\u00e3o m\u00f3vel para Android & iOS","description":"Instale a AFK Spin application em minutos e jogue no Android & iOS com desempenho fluido, in\u00edcio de sess\u00e3o seguro, op\u00e7\u00f5es de pagamento e levantamentos r\u00e1pidos.","robots":{"index":"index","follow":"follow","max-snippet":"max-snippet:-1","max-image-preview":"max-image-preview:large","max-video-preview":"max-video-preview:-1"},"canonical":"https:\/\/afk-spin.org\/pt-pt\/aplicacao\/","og_locale":"pt_PT","og_type":"article","og_title":"AFKSpin app | Aplica\u00e7\u00e3o m\u00f3vel para Android & iOS","og_description":"Instale a AFK Spin application em minutos e jogue no Android & iOS com desempenho fluido, in\u00edcio de sess\u00e3o seguro, op\u00e7\u00f5es de pagamento e levantamentos r\u00e1pidos.","og_url":"https:\/\/afk-spin.org\/pt-pt\/aplicacao\/","og_site_name":"afkspin","article_modified_time":"2026-03-18T11:53:30+00:00","twitter_card":"summary_large_image","twitter_misc":{"Est. reading time":"1 minuto"},"schema":{"@context":"https:\/\/schema.org","@graph":[{"@type":"WebPage","@id":"https:\/\/afk-spin.org\/pt-pt\/aplicacao\/","url":"https:\/\/afk-spin.org\/pt-pt\/aplicacao\/","name":"AFKSpin app | Aplica\u00e7\u00e3o m\u00f3vel para Android & iOS","isPartOf":{"@id":"https:\/\/afk-spin.org\/pt-pt\/#website"},"datePublished":"2025-11-13T12:20:50+00:00","dateModified":"2026-03-18T11:53:30+00:00","description":"Instale a AFK Spin application em minutos e jogue no Android & iOS com desempenho fluido, in\u00edcio de sess\u00e3o seguro, op\u00e7\u00f5es de pagamento e levantamentos r\u00e1pidos.","breadcrumb":{"@id":"https:\/\/afk-spin.org\/pt-pt\/aplicacao\/#breadcrumb"},"inLanguage":"pt-PT","potentialAction":[{"@type":"ReadAction","target":["https:\/\/afk-spin.org\/pt-pt\/aplicacao\/"]}]},{"@type":"BreadcrumbList","@id":"https:\/\/afk-spin.org\/pt-pt\/aplicacao\/#breadcrumb","itemListElement":[{"@type":"ListItem","position":1,"name":"Afkspin","item":"https:\/\/afk-spin.org\/pt-pt\/"},{"@type":"ListItem","position":2,"name":"Aplica\u00e7\u00e3o"}]},{"@type":"WebSite","@id":"https:\/\/afk-spin.org\/pt-pt\/#website","url":"https:\/\/afk-spin.org\/pt-pt\/","name":"Afkspin","description":"","publisher":{"@id":"https:\/\/afk-spin.org\/pt-pt\/#organization"},"potentialAction":[{"@type":"SearchAction","target":{"@type":"EntryPoint","urlTemplate":"https:\/\/afk-spin.org\/pt-pt\/?s={search_term_string}"},"query-input":{"@type":"PropertyValueSpecification","valueRequired":true,"valueName":"search_term_string"}}],"inLanguage":"pt-PT"},{"@type":"Organization","@id":"https:\/\/afk-spin.org\/pt-pt\/#organization","name":"Afkspin","url":"https:\/\/afk-spin.org\/pt-pt\/","logo":{"@type":"ImageObject","inLanguage":"pt-PT","@id":"https:\/\/afk-spin.org\/pt-pt\/#\/schema\/logo\/image\/","url":"https:\/\/afk-spin.org\/wp-content\/uploads\/2025\/11\/logo.svg","contentUrl":"https:\/\/afk-spin.org\/wp-content\/uploads\/2025\/11\/logo.svg","width":84,"height":24,"caption":"Afkspin"},"image":{"@id":"https:\/\/afk-spin.org\/pt-pt\/#\/schema\/logo\/image\/"}}]}},"_links":{"self":[{"href":"https:\/\/afk-spin.org\/pt-pt\/wp-json\/wp\/v2\/pages\/1924","targetHints":{"allow":["GET"]}}],"collection":[{"href":"https:\/\/afk-spin.org\/pt-pt\/wp-json\/wp\/v2\/pages"}],"about":[{"href":"https:\/\/afk-spin.org\/pt-pt\/wp-json\/wp\/v2\/types\/page"}],"author":[{"embeddable":true,"href":"https:\/\/afk-spin.org\/pt-pt\/wp-json\/wp\/v2\/users\/1"}],"replies":[{"embeddable":true,"href":"https:\/\/afk-spin.org\/pt-pt\/wp-json\/wp\/v2\/comments?post=1924"}],"version-history":[{"count":2,"href":"https:\/\/afk-spin.org\/pt-pt\/wp-json\/wp\/v2\/pages\/1924\/revisions"}],"predecessor-version":[{"id":2017,"href":"https:\/\/afk-spin.org\/pt-pt\/wp-json\/wp\/v2\/pages\/1924\/revisions\/2017"}],"wp:attachment":[{"href":"https:\/\/afk-spin.org\/pt-pt\/wp-json\/wp\/v2\/media?parent=1924"}],"curies":[{"name":"wp","href":"https:\/\/api.w.org\/{rel}","templated":true}]}}