{"id":1419,"date":"2025-11-13T12:20:50","date_gmt":"2025-11-13T12:20:50","guid":{"rendered":"https:\/\/afk-spin.org\/app\/"},"modified":"2026-03-18T11:09:06","modified_gmt":"2026-03-18T11:09:06","slug":"aplikacja","status":"publish","type":"page","link":"https:\/\/afk-spin.org\/pl\/aplikacja\/","title":{"rendered":"Aplikacja"},"content":{"rendered":"<h1>AFKSpin App mobilna<\/h1>\n<p>AFKSpin App dzia\u0142a jako progresywna aplikacja internetowa (PWA), kt\u00f3ra pozwala otworzy\u0107 nasze lobby po prostu poprzez dotkni\u0119cie ikony na ekranie g\u0142\u00f3wnym. Zapewnia ona szybszy dost\u0119p do ponad 6 000 tytu\u0142\u00f3w za po\u015brednictwem urz\u0105dzenia mobilnego, w tym automat\u00f3w, sto\u0142\u00f3w z krupierem na \u017cywo oraz klasycznych gier, takich jak ruletka i blackjack.<\/p>\n<p>Aplikacja AFK Spin to doskona\u0142e rozwi\u0105zanie dla polskich graczy, kt\u00f3rzy chc\u0105 gra\u0107 szybko w podr\u00f3\u017cy. Otwiera si\u0119 na pe\u0142nym ekranie. Menu jest proste, a gry \u0142aduj\u0105 si\u0119 szybko w nowoczesnych przegl\u0105darkach. Ponadto kasyno AFKSpin przechowuje Tw\u00f3j portfel, bonusy i narz\u0119dzia pomocy technicznej w jednym miejscu, wi\u0119c nie musisz tworzy\u0107 oddzielnych kont kasynowych na komputery stacjonarne i urz\u0105dzenia mobilne.<\/p>\n<p><div class=\"banner-wrap\" aria-label=\"Banner\"><img src=\"https:\/\/afk-spin.org\/wp-content\/uploads\/2025\/12\/AFK-Spins-banner-carousel-932\u044540.webp\" class=\"w-100 d-none d-lg-block img-pc main-banner-img\" alt=\"AFK Spins banner desktop\" fetchpriority=\"high\" decoding=\"async\"><img src=\"https:\/\/afk-spin.org\/wp-content\/uploads\/2025\/12\/Frame-36-1.webp\" class=\"w-100 d-none d-md-block d-lg-none main-banner-img\" alt=\"AFK Spins banner desktop\" fetchpriority=\"high\" decoding=\"async\"><img src=\"https:\/\/afk-spin.org\/wp-content\/uploads\/2025\/12\/Frame-36-1.webp\" class=\"w-100 d-md-none\" alt=\"AFK Spins banner desktop\" fetchpriority=\"high\" decoding=\"async\"><div class=\"banner-description\">\n<div class=\"banner-title\">Bonusy powitalne<\/div>\n<p class=\"banner-header-title\">1500 \u20ac<\/p>\n<div class=\"banner-header-AdditionalText\">+ 250 Darmowe obroty<\/div>\n<button data-item=\"homepage_banner_link\" class=\"goto m-button m-gradient-border m-button--primary m-button--large banner-button btn-orange\">\n            <div class=\"m-button-content\">\n                <span>Zarejestruj si\u0119 teraz<\/span>\n                <span><\/span>\n            <\/div>\n        <\/button>\n<\/div>\n<div class=\"WelcomePack\">\n<p><img loading=\"lazy\" decoding=\"async\" class=\"alignnone size-full wp-image-1890\" src=\"https:\/\/afk-spin.org\/wp-content\/uploads\/2026\/03\/welcome-crown.png\" alt=\"welcome crown\" width=\"25\" height=\"26\" \/><\/p>\n<div class=\"WelcomePack-Info\">Cotygodniowy zwrot got\u00f3wki do 25%<\/div>\n<p><img loading=\"lazy\" decoding=\"async\" class=\"alignnone size-full wp-image-1890\" src=\"https:\/\/afk-spin.org\/wp-content\/uploads\/2026\/03\/welcome-crown.png\" alt=\"welcome crown\" width=\"25\" height=\"26\" \/><\/p>\n<\/div>\n<\/div><div class=\"scrollable-content-wrap my-5\"><div class=\"scrollable-content-inner\"><h2>AFK Spin Casino Web dla Windows i Mac<\/h2>\n<p>G\u0142\u00f3wna wersja naszej strony internetowej pozwala na p\u0142ynn\u0105 rozgrywk\u0119 na urz\u0105dzeniach z systemem Windows i Mac. Jednak dla wi\u0119kszej wygody mo\u017cesz korzysta\u0107 z naszej aplikacji PWA nie tylko na smartfonie, ale tak\u017ce na laptopie lub komputerze stacjonarnym.<\/p>\n<p>Ta aplikacja AFKSpin dzia\u0142a we w\u0142asnym oknie i uruchamia si\u0119 jak zwyk\u0142y program. Mo\u017cesz r\u00f3wnie\u017c przypi\u0105\u0107 aplikacj\u0119 AFK Spin do paska zada\u0144, aby jednym klikni\u0119ciem przej\u015b\u0107 do lobby.<\/p>\n<p>Aby zainstalowa\u0107 j\u0105 w systemie Windows lub Mac, wykonaj nast\u0119puj\u0105ce czynno\u015bci:<\/p>\n<ol>\n<li>Otw\u00f3rz nasz\u0105 stron\u0119 g\u0142\u00f3wn\u0105 w przegl\u0105darce.<\/li>\n<li>Kliknij ikon\u0119 ze strza\u0142k\u0105 w d\u00f3\u0142 w pasku adresu.<\/li>\n<li>Naci\u015bnij przycisk instalacji, aby rozpocz\u0105\u0107 proces.<\/li>\n<\/ol>\n<p>Aplikacja PWA aktualizuje si\u0119 automatycznie po jej otwarciu. Zapewnia r\u00f3wnie\u017c bezpo\u015bredni dost\u0119p do czatu na \u017cywo, weryfikacji konta i historii transakcji. AFKSpin przechowuje te narz\u0119dzia w tym samym interfejsie, umo\u017cliwiaj\u0105c \u0142atwy dost\u0119p do wszystkich potrzebnych informacji.<\/p>\n<p><img loading=\"lazy\" decoding=\"async\" src=\"https:\/\/afk-spin.org\/wp-content\/uploads\/2025\/11\/AFKspin-Desktop.webp\" alt=\"AFKspin Desktop\" width=\"1248\" height=\"536\" \/><\/p>\n<\/div><\/div><div style=\"clear: both\"><\/div><div class=\"d-flex justify-content-center\"><button data-item=\"decouvrez_link\" data-group=\"website_links\" class=\"goto fw-bold rounded-pill btn btn-orange\" aria-label=\"Pobierz aplikacj\u0119 AFKspin Casino\" >Pobierz aplikacj\u0119 AFKspin Casino<\/button><\/div><div class=\"scrollable-content-wrap my-5\"><div class=\"scrollable-content-inner\"><h2>Zalety aplikacji AFKSpin Casino<\/h2>\n<p>Zar\u00f3wno aplikacja, jak i strona internetowa oferuj\u0105 ten sam podstawowy produkt. R\u00f3\u017cnica polega na sposobie dost\u0119pu do niego i wra\u017ceniach podczas gry. Aplikacja nadaje si\u0119 do u\u017cytku mobilnego i kr\u00f3tkich sesji. Strona internetowa sprawdza si\u0119 dobrze dla graczy, kt\u00f3rzy preferuj\u0105 zak\u0142adk\u0119 przegl\u0105darki na wi\u0119kszym ekranie.<\/p>\n<table>\n<tbody>\n<tr>\n<td>Funkcja<\/td>\n<td>AFKSpin App<\/td>\n<td>Strona internetowa AFK Spin<\/td>\n<\/tr>\n<tr>\n<td>Dost\u0119p<\/td>\n<td>Otw\u00f3rz z ekranu g\u0142\u00f3wnego lub paska zada\u0144 bez otwierania przegl\u0105darki<\/td>\n<td>Otw\u00f3rz w dowolnej przegl\u0105darce w systemie Windows lub Mac<\/td>\n<\/tr>\n<tr>\n<td>Szybko\u015b\u0107<\/td>\n<td>Szybkie \u0142adowanie i p\u0142ynne dzia\u0142anie dzi\u0119ki optymalizacji HTML5 i buforowaniu<\/td>\n<td>Stabilna grafika na komputerze stacjonarnym z pe\u0142n\u0105 kontrol\u0105 przegl\u0105darki<\/td>\n<\/tr>\n<tr>\n<td>Interfejs<\/td>\n<td>Uk\u0142ad przyjazny dla dotyku z nawigacj\u0105 za pomoc\u0105 gest\u00f3w i automatycznym obracaniem<\/td>\n<td>Tryb pe\u0142noekranowy obs\u0142uguj\u0105cy wielozadaniowo\u015b\u0107 i wiele kart<\/td>\n<\/tr>\n<tr>\n<td>Wsparcie<\/td>\n<td>Czat na \u017cywo otwierany w aplikacji<\/td>\n<td>Dost\u0119p do centrum pomocy przez stron\u0119 internetow\u0105, z opcjami czatu i e-maila<\/td>\n<\/tr>\n<tr>\n<td>Styl gry<\/td>\n<td>Najlepszy do kr\u00f3tkich sesji, gdy masz niezawodne po\u0142\u0105czenie<\/td>\n<td>Najlepszy do d\u0142u\u017cszych sesji i rozbudowanej nawigacji<\/td>\n<\/tr>\n<tr>\n<td>Narz\u0119dzia konta<\/td>\n<td>Zarz\u0105dzaj wp\u0142atami, wyp\u0142atami, bonusami i weryfikacj\u0105 podczas gry<\/td>\n<td>Korzystaj ze szczeg\u00f3\u0142owych menu, aby w pe\u0142ni zarz\u0105dza\u0107 kontem<\/td>\n<\/tr>\n<\/tbody>\n<\/table>\n<\/div><\/div><div style=\"clear: both\"><\/div><div class=\"d-flex justify-content-center\"><button data-item=\"decouvrez_link\" data-group=\"website_links\" class=\"goto fw-bold rounded-pill btn btn-orange\" aria-label=\"Pobierz AFKspin\" >Pobierz AFKspin<\/button><\/div><div class=\"scrollable-content-wrap my-5\"><div class=\"scrollable-content-inner\"><h2>Jak zainstalowa\u0107 AFKSpin App na urz\u0105dzeniu z systemem Android?<\/h2>\n<p>Instalacja na urz\u0105dzeniu z systemem Android zajmuje tylko minut\u0119 i nie wymaga Google Play. Po dodaniu aplikacja AFKSpin pojawi si\u0119 na ekranie g\u0142\u00f3wnym jak ka\u017cdy inny skr\u00f3t.<\/p>\n<ol>\n<li>Otw\u00f3rz stron\u0119 internetow\u0105 na swoim urz\u0105dzeniu mobilnym.<\/li>\n<li>Dodaj ikon\u0119 kasyna do ekranu g\u0142\u00f3wnego za pomoc\u0105 ustawie\u0144 przegl\u0105darki.<\/li>\n<li>Rozpocznij instalacj\u0119, naciskaj\u0105c przycisk.<\/li>\n<\/ol>\n<p>AFK Spin App zapewnia pe\u0142ny dost\u0119p do naszych kategorii gier, w tym automat\u00f3w i gier sto\u0142owych, a tak\u017ce sekcji kasyna na \u017cywo. W tym samym menu mo\u017cesz r\u00f3wnie\u017c korzysta\u0107 z promocji, zmienia\u0107 limity, dokonywa\u0107 wp\u0142at i zleca\u0107 wyp\u0142aty.<\/p>\n<p><img loading=\"lazy\" decoding=\"async\" src=\"https:\/\/afk-spin.org\/wp-content\/uploads\/2025\/11\/AFKspin-Android-App.webp\" alt=\"AFKspin Android\" width=\"1248\" height=\"536\" \/><\/p>\n<\/div><\/div><div style=\"clear: both\"><\/div><div class=\"d-flex justify-content-center\"><button data-item=\"decouvrez_link\" data-group=\"website_links\" class=\"goto fw-bold rounded-pill btn btn-orange\" aria-label=\"Pobierz aplikacj\u0119 AFKspin Casino\" >Pobierz aplikacj\u0119 AFKspin Casino<\/button><\/div><div class=\"scrollable-content-wrap my-5\"><div class=\"scrollable-content-inner\"><h2>Aplikacja AFKSpin na iOS<\/h2>\n<p>Je\u015bli korzystasz z iPhone&#8217;a lub iPada, mo\u017cesz zainstalowa\u0107 nasz\u0105 aplikacj\u0119 PWA bezpo\u015brednio z przegl\u0105darki Safari. Aplikacja AFKSpin dzia\u0142a na wszystkich nowoczesnych wersjach systemu iOS i nie wymaga korzystania z App Store. Zachowuje te same dane logowania i t\u0119 sam\u0105 kas\u0119, wi\u0119c mo\u017cesz prze\u0142\u0105cza\u0107 si\u0119 mi\u0119dzy urz\u0105dzeniami bez dodatkowej konfiguracji.<\/p>\n<h3>Instalacja aplikacji w systemie iOS<\/h3>\n<p>Wykonaj nast\u0119puj\u0105ce czynno\u015bci, aby umie\u015bci\u0107 ikon\u0119 w telefonie:<\/p>\n<ol>\n<li>Otw\u00f3rz stron\u0119 g\u0142\u00f3wn\u0105 w przegl\u0105darce Safari.<\/li>\n<li>Dodaj ikon\u0119 kasyna do ekranu g\u0142\u00f3wnego, wybieraj\u0105c odpowiedni\u0105 opcj\u0119 w ustawieniach przegl\u0105darki.<\/li>\n<li>Uruchom aplikacj\u0119 AFKSpin z ekranu g\u0142\u00f3wnego i zaloguj si\u0119.<\/li>\n<\/ol>\n<p>AFK Spin App pozostaje na ekranie g\u0142\u00f3wnym, wi\u0119c mo\u017cesz do niej wr\u00f3ci\u0107 jednym klikni\u0119ciem. Po zako\u0144czeniu konfiguracji aplikacja kasyna AFK Spin zapewnia szybki dost\u0119p do turniej\u00f3w i pokoi z krupierami na \u017cywo. Twoje saldo pozostaje widoczne w jednym widoku. Mo\u017cesz r\u00f3wnie\u017c w\u0142\u0105czy\u0107 powiadomienia w ustawieniach przegl\u0105darki, aby by\u0107 na bie\u017c\u0105co z ofertami ograniczonymi czasowo.<\/p>\n<p><img loading=\"lazy\" decoding=\"async\" src=\"https:\/\/afk-spin.org\/wp-content\/uploads\/2025\/11\/AFKspin-iOS-App.webp\" alt=\"AFKspin iOS\" width=\"1248\" height=\"536\" \/><\/p>\n<\/div><\/div><div style=\"clear: both\"><\/div><div class=\"d-flex justify-content-center\"><button data-item=\"decouvrez_link\" data-group=\"website_links\" class=\"goto fw-bold rounded-pill btn btn-orange\" aria-label=\"Pobierz AFKspin\" >Pobierz AFKspin<\/button><\/div><div class=\"scrollable-content-wrap my-5\"><div class=\"scrollable-content-inner\"><h2>FAQ<\/h2>\n<h3>Kt\u00f3re platformy mobilne s\u0105 kompatybilne z aplikacj\u0105 AFKSpin Casino?<\/h3>\n<p>Mo\u017cna z niej korzysta\u0107 na systemach Android i iOS. Mo\u017cna j\u0105 r\u00f3wnie\u017c zainstalowa\u0107 na systemach Windows i Mac za po\u015brednictwem obs\u0142ugiwanej przegl\u0105darki. Taki format zapewnia stabiln\u0105 wydajno\u015b\u0107 i pozwala unikn\u0105\u0107 du\u017cych pobra\u0144, jednocze\u015bnie zapewniaj\u0105c pe\u0142ni\u0119 wra\u017ce\u0144 z lobby.<\/p>\n<h3>Czy gracze mobilni otrzymuj\u0105 ekskluzywne bonusy?<\/h3>\n<p>W AFK Spin czasami wysy\u0142amy promocje dost\u0119pne tylko dla urz\u0105dze\u0144 mobilnych oraz kr\u00f3tkie powiadomienia o ograniczonych czasowo kampaniach. Mo\u017cesz skorzysta\u0107 z tych ofert w swoim profilu i wykorzysta\u0107 je w kwalifikuj\u0105cych si\u0119 grach.<\/p>\n<h3>Czy mog\u0119 pobra\u0107 aplikacj\u0119 bezpo\u015brednio ze sklepu?<\/h3>\n<p>Nie. Aplikacj\u0119 AFKSpin mo\u017cna zainstalowa\u0107 z naszej strony internetowej. AFKSpin App aktualizuje si\u0119 automatycznie i zajmuje mniej miejsca ni\u017c wiele aplikacji natywnych. Je\u015bli chcesz mie\u0107 skr\u00f3t na pulpicie, mo\u017cesz r\u00f3wnie\u017c zainstalowa\u0107 aplikacj\u0119 AFK Spin za pomoc\u0105 kilku klikni\u0119\u0107.<\/p>\n<h3>Czy aplikacja jest bezpieczna?<\/h3>\n<p>U\u017cywamy najbardziej zaawansowanej technologii szyfrowania danych, \u017ceby chroni\u0107 Twoje poufne informacje, niezale\u017cnie od tego, jakiego urz\u0105dzenia u\u017cywasz. AFKSpin obs\u0142uguje te\u017c standardowe kontrole weryfikacyjne, kt\u00f3re pomagaj\u0105 nam potwierdzi\u0107 autentyczno\u015b\u0107 Twoich danych przed zatwierdzeniem wyp\u0142at. Kiedy grasz, aplikacja AFK Spin Casino dzia\u0142a zgodnie z tymi samymi zasadami bezpiecze\u0144stwa, co strona na komputer.<\/p>\n<\/div><\/div><\/p>\n","protected":false},"excerpt":{"rendered":"<p>AFKSpin App mobilna AFKSpin App dzia\u0142a jako progresywna aplikacja internetowa (PWA), kt\u00f3ra pozwala otworzy\u0107 nasze lobby po prostu poprzez dotkni\u0119cie ikony na ekranie g\u0142\u00f3wnym. Zapewnia ona szybszy dost\u0119p do ponad 6 000 tytu\u0142\u00f3w za po\u015brednictwem urz\u0105dzenia mobilnego, w tym automat\u00f3w, sto\u0142\u00f3w z krupierem na \u017cywo oraz klasycznych gier, takich jak ruletka i blackjack. Aplikacja AFK [&hellip;]<\/p>\n","protected":false},"author":1,"featured_media":0,"parent":0,"menu_order":0,"comment_status":"closed","ping_status":"closed","template":"template-builder.php","meta":{"_acf_changed":false,"inline_featured_image":false,"footnotes":""},"class_list":["post-1419","page","type-page","status-publish","hentry"],"acf":[],"yoast_head":"<!-- This site is optimized with the Yoast SEO plugin v27.3 - https:\/\/yoast.com\/product\/yoast-seo-wordpress\/ -->\n<title>AFKSpin app | Aplikacja mobilna na Android &amp; iOS<\/title>\n<meta name=\"description\" content=\"Zainstaluj AFK Spin application w kilka minut i graj na Android &amp; iOS z p\u0142ynnym dzia\u0142aniem, bezpiecznym logowaniem, opcjami p\u0142atno\u015bci i szybkimi wyp\u0142atami.\" \/>\n<meta name=\"robots\" content=\"index, follow, max-snippet:-1, max-image-preview:large, max-video-preview:-1\" \/>\n<link rel=\"canonical\" href=\"https:\/\/afk-spin.org\/pl\/aplikacja\/\" \/>\n<meta property=\"og:locale\" content=\"pl_PL\" \/>\n<meta property=\"og:type\" content=\"article\" \/>\n<meta property=\"og:title\" content=\"AFKSpin app | Aplikacja mobilna na Android &amp; iOS\" \/>\n<meta property=\"og:description\" content=\"Zainstaluj AFK Spin application w kilka minut i graj na Android &amp; iOS z p\u0142ynnym dzia\u0142aniem, bezpiecznym logowaniem, opcjami p\u0142atno\u015bci i szybkimi wyp\u0142atami.\" \/>\n<meta property=\"og:url\" content=\"https:\/\/afk-spin.org\/pl\/aplikacja\/\" \/>\n<meta property=\"og:site_name\" content=\"afkspin\" \/>\n<meta property=\"article:modified_time\" content=\"2026-03-18T11:09:06+00:00\" \/>\n<meta name=\"twitter:card\" content=\"summary_large_image\" \/>\n<meta name=\"twitter:label1\" content=\"Est. reading time\" \/>\n\t<meta name=\"twitter:data1\" content=\"1 minuta\" \/>\n<script type=\"application\/ld+json\" class=\"yoast-schema-graph\">{\"@context\":\"https:\\\/\\\/schema.org\",\"@graph\":[{\"@type\":\"WebPage\",\"@id\":\"https:\\\/\\\/afk-spin.org\\\/pl\\\/aplikacja\\\/\",\"url\":\"https:\\\/\\\/afk-spin.org\\\/pl\\\/aplikacja\\\/\",\"name\":\"AFKSpin app | Aplikacja mobilna na Android & iOS\",\"isPartOf\":{\"@id\":\"https:\\\/\\\/afk-spin.org\\\/pl\\\/#website\"},\"datePublished\":\"2025-11-13T12:20:50+00:00\",\"dateModified\":\"2026-03-18T11:09:06+00:00\",\"description\":\"Zainstaluj AFK Spin application w kilka minut i graj na Android & iOS z p\u0142ynnym dzia\u0142aniem, bezpiecznym logowaniem, opcjami p\u0142atno\u015bci i szybkimi wyp\u0142atami.\",\"breadcrumb\":{\"@id\":\"https:\\\/\\\/afk-spin.org\\\/pl\\\/aplikacja\\\/#breadcrumb\"},\"inLanguage\":\"pl-PL\",\"potentialAction\":[{\"@type\":\"ReadAction\",\"target\":[\"https:\\\/\\\/afk-spin.org\\\/pl\\\/aplikacja\\\/\"]}]},{\"@type\":\"BreadcrumbList\",\"@id\":\"https:\\\/\\\/afk-spin.org\\\/pl\\\/aplikacja\\\/#breadcrumb\",\"itemListElement\":[{\"@type\":\"ListItem\",\"position\":1,\"name\":\"Afkspin\",\"item\":\"https:\\\/\\\/afk-spin.org\\\/pl\\\/\"},{\"@type\":\"ListItem\",\"position\":2,\"name\":\"Aplikacja\"}]},{\"@type\":\"WebSite\",\"@id\":\"https:\\\/\\\/afk-spin.org\\\/pl\\\/#website\",\"url\":\"https:\\\/\\\/afk-spin.org\\\/pl\\\/\",\"name\":\"Afkspin\",\"description\":\"\",\"publisher\":{\"@id\":\"https:\\\/\\\/afk-spin.org\\\/pl\\\/#organization\"},\"potentialAction\":[{\"@type\":\"SearchAction\",\"target\":{\"@type\":\"EntryPoint\",\"urlTemplate\":\"https:\\\/\\\/afk-spin.org\\\/pl\\\/?s={search_term_string}\"},\"query-input\":{\"@type\":\"PropertyValueSpecification\",\"valueRequired\":true,\"valueName\":\"search_term_string\"}}],\"inLanguage\":\"pl-PL\"},{\"@type\":\"Organization\",\"@id\":\"https:\\\/\\\/afk-spin.org\\\/pl\\\/#organization\",\"name\":\"Afkspin\",\"url\":\"https:\\\/\\\/afk-spin.org\\\/pl\\\/\",\"logo\":{\"@type\":\"ImageObject\",\"inLanguage\":\"pl-PL\",\"@id\":\"https:\\\/\\\/afk-spin.org\\\/pl\\\/#\\\/schema\\\/logo\\\/image\\\/\",\"url\":\"https:\\\/\\\/afk-spin.org\\\/wp-content\\\/uploads\\\/2025\\\/11\\\/logo.svg\",\"contentUrl\":\"https:\\\/\\\/afk-spin.org\\\/wp-content\\\/uploads\\\/2025\\\/11\\\/logo.svg\",\"width\":84,\"height\":24,\"caption\":\"Afkspin\"},\"image\":{\"@id\":\"https:\\\/\\\/afk-spin.org\\\/pl\\\/#\\\/schema\\\/logo\\\/image\\\/\"}}]}<\/script>\n<!-- \/ Yoast SEO plugin. -->","yoast_head_json":{"title":"AFKSpin app | Aplikacja mobilna na Android & iOS","description":"Zainstaluj AFK Spin application w kilka minut i graj na Android & iOS z p\u0142ynnym dzia\u0142aniem, bezpiecznym logowaniem, opcjami p\u0142atno\u015bci i szybkimi wyp\u0142atami.","robots":{"index":"index","follow":"follow","max-snippet":"max-snippet:-1","max-image-preview":"max-image-preview:large","max-video-preview":"max-video-preview:-1"},"canonical":"https:\/\/afk-spin.org\/pl\/aplikacja\/","og_locale":"pl_PL","og_type":"article","og_title":"AFKSpin app | Aplikacja mobilna na Android & iOS","og_description":"Zainstaluj AFK Spin application w kilka minut i graj na Android & iOS z p\u0142ynnym dzia\u0142aniem, bezpiecznym logowaniem, opcjami p\u0142atno\u015bci i szybkimi wyp\u0142atami.","og_url":"https:\/\/afk-spin.org\/pl\/aplikacja\/","og_site_name":"afkspin","article_modified_time":"2026-03-18T11:09:06+00:00","twitter_card":"summary_large_image","twitter_misc":{"Est. reading time":"1 minuta"},"schema":{"@context":"https:\/\/schema.org","@graph":[{"@type":"WebPage","@id":"https:\/\/afk-spin.org\/pl\/aplikacja\/","url":"https:\/\/afk-spin.org\/pl\/aplikacja\/","name":"AFKSpin app | Aplikacja mobilna na Android & iOS","isPartOf":{"@id":"https:\/\/afk-spin.org\/pl\/#website"},"datePublished":"2025-11-13T12:20:50+00:00","dateModified":"2026-03-18T11:09:06+00:00","description":"Zainstaluj AFK Spin application w kilka minut i graj na Android & iOS z p\u0142ynnym dzia\u0142aniem, bezpiecznym logowaniem, opcjami p\u0142atno\u015bci i szybkimi wyp\u0142atami.","breadcrumb":{"@id":"https:\/\/afk-spin.org\/pl\/aplikacja\/#breadcrumb"},"inLanguage":"pl-PL","potentialAction":[{"@type":"ReadAction","target":["https:\/\/afk-spin.org\/pl\/aplikacja\/"]}]},{"@type":"BreadcrumbList","@id":"https:\/\/afk-spin.org\/pl\/aplikacja\/#breadcrumb","itemListElement":[{"@type":"ListItem","position":1,"name":"Afkspin","item":"https:\/\/afk-spin.org\/pl\/"},{"@type":"ListItem","position":2,"name":"Aplikacja"}]},{"@type":"WebSite","@id":"https:\/\/afk-spin.org\/pl\/#website","url":"https:\/\/afk-spin.org\/pl\/","name":"Afkspin","description":"","publisher":{"@id":"https:\/\/afk-spin.org\/pl\/#organization"},"potentialAction":[{"@type":"SearchAction","target":{"@type":"EntryPoint","urlTemplate":"https:\/\/afk-spin.org\/pl\/?s={search_term_string}"},"query-input":{"@type":"PropertyValueSpecification","valueRequired":true,"valueName":"search_term_string"}}],"inLanguage":"pl-PL"},{"@type":"Organization","@id":"https:\/\/afk-spin.org\/pl\/#organization","name":"Afkspin","url":"https:\/\/afk-spin.org\/pl\/","logo":{"@type":"ImageObject","inLanguage":"pl-PL","@id":"https:\/\/afk-spin.org\/pl\/#\/schema\/logo\/image\/","url":"https:\/\/afk-spin.org\/wp-content\/uploads\/2025\/11\/logo.svg","contentUrl":"https:\/\/afk-spin.org\/wp-content\/uploads\/2025\/11\/logo.svg","width":84,"height":24,"caption":"Afkspin"},"image":{"@id":"https:\/\/afk-spin.org\/pl\/#\/schema\/logo\/image\/"}}]}},"_links":{"self":[{"href":"https:\/\/afk-spin.org\/pl\/wp-json\/wp\/v2\/pages\/1419","targetHints":{"allow":["GET"]}}],"collection":[{"href":"https:\/\/afk-spin.org\/pl\/wp-json\/wp\/v2\/pages"}],"about":[{"href":"https:\/\/afk-spin.org\/pl\/wp-json\/wp\/v2\/types\/page"}],"author":[{"embeddable":true,"href":"https:\/\/afk-spin.org\/pl\/wp-json\/wp\/v2\/users\/1"}],"replies":[{"embeddable":true,"href":"https:\/\/afk-spin.org\/pl\/wp-json\/wp\/v2\/comments?post=1419"}],"version-history":[{"count":3,"href":"https:\/\/afk-spin.org\/pl\/wp-json\/wp\/v2\/pages\/1419\/revisions"}],"predecessor-version":[{"id":1960,"href":"https:\/\/afk-spin.org\/pl\/wp-json\/wp\/v2\/pages\/1419\/revisions\/1960"}],"wp:attachment":[{"href":"https:\/\/afk-spin.org\/pl\/wp-json\/wp\/v2\/media?parent=1419"}],"curies":[{"name":"wp","href":"https:\/\/api.w.org\/{rel}","templated":true}]}}