{"id":1461,"date":"2025-11-13T12:31:24","date_gmt":"2025-11-13T12:31:24","guid":{"rendered":"https:\/\/afk-spin.org\/login-and-registration\/"},"modified":"2026-03-20T15:11:43","modified_gmt":"2026-03-20T15:11:43","slug":"connexion-et-inscription","status":"publish","type":"page","link":"https:\/\/afk-spin.org\/fr\/connexion-et-inscription\/","title":{"rendered":"Connexion et inscription"},"content":{"rendered":"<h1>AFKSpin Login et inscription de compte<\/h1>\n<p>Le AFKSpin login permet aux utilisateurs d&rsquo;acc\u00e9der rapidement \u00e0 leur profil afin de pouvoir profiter des offres et revenir \u00e0 leurs jeux sans d\u00e9lai. Utilisez votre compte pour g\u00e9rer vos d\u00e9p\u00f4ts, vos retraits, vos bonus et vos outils de jeu responsable en un seul endroit.<\/p>\n<p>Nous avons con\u00e7u le processus d&rsquo;inscription pour qu&rsquo;il soit simple sur n&rsquo;importe quel appareil. Une fois votre connexion AFKSpin effectu\u00e9e, vous pouvez passer directement du hall \u00e0 la caisse et vice-versa. Vous pouvez \u00e9galement consulter votre solde, la progression de vos bonus et votre activit\u00e9 r\u00e9cente.<\/p>\n<p>AFKSpin prend en charge des \u00e9tapes d&rsquo;acc\u00e8s s\u00e9curis\u00e9es et utilise un formulaire court, afin que vous passiez moins de temps \u00e0 taper et plus de temps \u00e0 jouer. Sur AFKSpin Casino, vous contr\u00f4lez toujours vos limites et vos notifications.<\/p>\n<p><div class=\"banner-wrap\" aria-label=\"Banner\"><img src=\"https:\/\/afk-spin.org\/wp-content\/uploads\/2025\/12\/AFK-Spins-banner-carousel-932\u044540.webp\" class=\"w-100 d-none d-lg-block img-pc main-banner-img\" alt=\"AFK Spins banner desktop\" fetchpriority=\"high\" decoding=\"async\"><img src=\"https:\/\/afk-spin.org\/wp-content\/uploads\/2025\/12\/Frame-36-1.webp\" class=\"w-100 d-none d-md-block d-lg-none main-banner-img\" alt=\"AFK Spins banner desktop\" fetchpriority=\"high\" decoding=\"async\"><img src=\"https:\/\/afk-spin.org\/wp-content\/uploads\/2025\/12\/Frame-36-1.webp\" class=\"w-100 d-md-none\" alt=\"AFK Spins banner desktop\" fetchpriority=\"high\" decoding=\"async\"><div class=\"banner-description\">\n<div class=\"banner-title\">Bonus de bienvenue<\/div>\n<p class=\"banner-header-title\">1500 \u20ac<\/p>\n<div class=\"banner-header-AdditionalText\">+ 250 Tours Gratuits<\/div>\n<button data-item=\"homepage_banner_link\" class=\"goto m-button m-gradient-border m-button--primary m-button--large banner-button btn-orange\">\n            <div class=\"m-button-content\">\n                <span>Inscrivez-vous d\u00e8s maintenant<\/span>\n                <span><\/span>\n            <\/div>\n        <\/button>\n<\/div>\n<div class=\"WelcomePack\">\n<p><img loading=\"lazy\" decoding=\"async\" class=\"alignnone size-full wp-image-1886\" src=\"https:\/\/afk-spin.org\/wp-content\/uploads\/2026\/03\/welcome-crown.png\" alt=\"welcome crown\" width=\"25\" height=\"26\" \/><\/p>\n<div class=\"WelcomePack-Info\">Cashback hebdomadaire jusqu&rsquo;\u00e0 25 %<\/div>\n<p><img loading=\"lazy\" decoding=\"async\" class=\"alignnone size-full wp-image-1886\" src=\"https:\/\/afk-spin.org\/wp-content\/uploads\/2026\/03\/welcome-crown.png\" alt=\"welcome crown\" width=\"25\" height=\"26\" \/><\/p>\n<\/div>\n<\/div><div class=\"scrollable-content-wrap my-5\"><div class=\"scrollable-content-inner\"><h2>Comment se connecter \u00e0 son compte AFKSpin<\/h2>\n<p>Le processus de connexion \u00e0 AFKSpin ne prend qu&rsquo;un instant et nous aide \u00e0 prot\u00e9ger vos donn\u00e9es. Suivez ces \u00e9tapes pour vous connecter :<\/p>\n<ol>\n<li>Sur la page d&rsquo;accueil, cliquez sur \u00ab Connexion \u00bb dans le coin sup\u00e9rieur droit.<\/li>\n<li>Saisissez l&rsquo;adresse e-mail et le mot de passe que vous avez utilis\u00e9s lors de votre inscription.<\/li>\n<li>Appuyez sur \u00ab Se connecter \u00bb pour terminer et ouvrir votre compte.<\/li>\n<\/ol>\n<p>Une fois connect\u00e9 \u00e0 AFKSpin, vous pouvez effectuer un d\u00e9p\u00f4t ou demander un retrait aupr\u00e8s de la caisse. Vous pouvez \u00e9galement consulter l&rsquo;historique de vos transactions et v\u00e9rifier le statut des promotions en cours. Si vous souhaitez d\u00e9finir des limites de d\u00e9p\u00f4t ou mettre \u00e0 jour vos coordonn\u00e9es, ouvrez le menu des param\u00e8tres. Pour un acc\u00e8s rapide, vous pouvez vous connecter \u00e0 AFKSpin depuis le navigateur de votre t\u00e9l\u00e9phone de la m\u00eame mani\u00e8re.<\/p>\n<h3>Comment restaurer vos informations de connexion<\/h3>\n<p>Si vous ne vous souvenez plus de votre mot de passe, vous pouvez restaurer votre acc\u00e8s en quelques \u00e9tapes guid\u00e9es. Commencez par la page de connexion AFKSpin et s\u00e9lectionnez \u00ab Mot de passe oubli\u00e9 ? \u00bb. Ensuite, suivez ces \u00e9tapes simples :<\/p>\n<ol>\n<li>Saisissez l&rsquo;adresse e-mail associ\u00e9e \u00e0 votre compte.<\/li>\n<li>Cliquez sur \u00ab R\u00e9initialiser le mot de passe \u00bb.<\/li>\n<li>Ouvrez l&rsquo;e-mail que nous vous avons envoy\u00e9 et utilisez le lien s\u00e9curis\u00e9.<\/li>\n<li>Cr\u00e9ez un nouveau mot de passe et enregistrez-le.<\/li>\n<\/ol>\n<p>Connectez-vous \u00e0 nouveau via la page de connexion AFKSpin avec votre nouveau mot de passe. Si vous ne voyez pas l&rsquo;e-mail de r\u00e9initialisation, v\u00e9rifiez le dossier spam et recherchez notre message dans votre bo\u00eete de r\u00e9ception. S&rsquo;il n&rsquo;arrive toujours pas, contactez le service d&rsquo;assistance. Notre \u00e9quipe r\u00e9pond 24\/7, et peut confirmer l&rsquo;adresse e-mail associ\u00e9e \u00e0 votre profil afin que vous puissiez revenir sur AFKSpin Casino.<\/p>\n<p><img loading=\"lazy\" decoding=\"async\" class=\"alignnone size-full wp-image-1906\" src=\"https:\/\/afk-spin.org\/wp-content\/uploads\/2026\/03\/AFKspin-login.webp\" alt=\"AFKspin login\" width=\"1248\" height=\"536\" srcset=\"https:\/\/afk-spin.org\/wp-content\/uploads\/2026\/03\/AFKspin-login.webp 1248w, https:\/\/afk-spin.org\/wp-content\/uploads\/2026\/03\/AFKspin-login-300x129.webp 300w, https:\/\/afk-spin.org\/wp-content\/uploads\/2026\/03\/AFKspin-login-1024x440.webp 1024w, https:\/\/afk-spin.org\/wp-content\/uploads\/2026\/03\/AFKspin-login-768x330.webp 768w\" sizes=\"auto, (max-width: 1248px) 100vw, 1248px\" \/><\/p>\n<h2>Comment s&rsquo;inscrire sur AFK Spin Casino<\/h2>\n<p>L&rsquo;inscription \u00e0 AFK Spin Casino vous donne un acc\u00e8s complet \u00e0 notre biblioth\u00e8que de jeux et \u00e0 notre programme de bonus. Vous pouvez parcourir plus de 6 000 titres et commencer avec une offre de bienvenue pouvant atteindre 1 500 \u20ac + 250 tours gratuits. Dans le hall, vous trouverez des machines \u00e0 sous, des tables de roulette, de blackjack et de croupiers en direct provenant de studios tels que Pragmatic Play, Evolution, Endorphina et 1spin4win.<\/p>\n<p>Les joueurs actifs peuvent d\u00e9bloquer un cashback hebdomadaire allant jusqu\u2019\u00e0 25\u202f% ainsi qu\u2019un bonus Recharge du Dimanche. AFK Spin vous permet de suivre facilement ces offres dans votre compte. Nous organisons \u00e9galement des missions quotidiennes et des tournois avec des cagnottes qui changent tout au long de la semaine.<\/p>\n<p>Dans AFK Spin Casino, votre compte fait office de centre de contr\u00f4le. Vous pouvez suivre vos bonus, g\u00e9rer votre progression dans le programme de fid\u00e9lit\u00e9 et d\u00e9finir vos propres limites de jeu.<\/p>\n<h3>Configurez votre compte<\/h3>\n<p>La proc\u00e9dure d&rsquo;inscription \u00e0 AFKSpin est courte et ne demande que les informations dont nous avons besoin. Commencez votre inscription \u00e0 AFK Spin en haut du site :<\/p>\n<ol>\n<li>Cliquez sur \u00ab S&rsquo;inscrire \u00bb sur la page d&rsquo;accueil d&rsquo;AFK Spin Casino.<\/li>\n<li>Entrez votre adresse e-mail et cr\u00e9ez un mot de passe fort.<\/li>\n<li>Ajoutez un code promotionnel si vous en avez un.<\/li>\n<li>Acceptez les conditions g\u00e9n\u00e9rales et confirmez que vous avez l&rsquo;\u00e2ge l\u00e9gal requis.<\/li>\n<li>V\u00e9rifiez votre adresse e-mail pour terminer la cr\u00e9ation de votre compte.<\/li>\n<\/ol>\n<p>Si vous pr\u00e9f\u00e9rez r\u00e9duire le nombre d&rsquo;\u00e9tapes, vous pouvez associer un compte Google et vous inscrire plus rapidement. AFK Spin vous permet de le faire en quelques clics. Vous pourrez ensuite effectuer un d\u00e9p\u00f4t et jouer imm\u00e9diatement sur AFKSpin Casino.<\/p>\n<p>Pour les paiements, utilisez une m\u00e9thode qui correspond \u00e0 votre nom. Cette r\u00e8gle s&rsquo;applique aux cartes telles que Visa et Mastercard, ainsi qu&rsquo;aux portefeuilles \u00e9lectroniques tels que PayPal ou Skrill (si disponibles dans votre r\u00e9gion). Avant votre premier retrait, effectuez la v\u00e9rification unique d\u00e9crite ci-dessous.<\/p>\n<h2>V\u00e9rification du compte sur AFKSpin Casino<\/h2>\n<p>Nous op\u00e9rons sous la juridiction de Cura\u00e7ao et respectons les r\u00e8gles AML. C&rsquo;est pourquoi nous demandons une v\u00e9rification d&rsquo;identit\u00e9 unique avant d&rsquo;approuver les retraits. Cette \u00e9tape aide AFKSpin Casino \u00e0 prot\u00e9ger les joueurs contre la fraude et favorise un jeu s\u00e9curis\u00e9. AFKSpin affiche \u00e9galement des mises \u00e0 jour claires de votre statut dans votre profil.<\/p>\n<p>T\u00e9l\u00e9chargez des photos ou des scans clairs dans la zone de v\u00e9rification de votre profil. Notre \u00e9quipe de s\u00e9curit\u00e9 examine les fichiers et les conserve de mani\u00e8re confidentielle. Le tableau ci-dessous indique ce que nous demandons et pourquoi :<\/p>\n<table>\n<tbody>\n<tr>\n<td>Exigence de v\u00e9rification<\/td>\n<td>Pourquoi nous en avons besoin<\/td>\n<\/tr>\n<tr>\n<td>Preuve d&rsquo;identit\u00e9<\/td>\n<td>Nous l&rsquo;utilisons pour v\u00e9rifier les informations de votre profil. T\u00e9l\u00e9chargez une photo claire de votre passeport. Une carte d&rsquo;identit\u00e9 nationale convient \u00e9galement. Un permis de conduire est acceptable dans de nombreux cas. Montrez le document dans son int\u00e9gralit\u00e9 et veillez \u00e0 ce que le texte soit lisible.<\/td>\n<\/tr>\n<tr>\n<td>Justificatif de domicile<\/td>\n<td>Nous l&rsquo;utilisons pour confirmer votre adresse avant d&rsquo;approuver les retraits. Envoyez une facture r\u00e9cente d&rsquo;un service public. Un relev\u00e9 bancaire convient \u00e9galement. Le document doit avoir \u00e9t\u00e9 \u00e9mis au cours des 90 derniers jours. Il doit indiquer votre nom et votre adresse.<\/td>\n<\/tr>\n<tr>\n<td>Justificatif de paiement<\/td>\n<td>Nous utilisons ce document pour confirmer que vous \u00eates bien le titulaire du moyen de paiement utilis\u00e9 pour effectuer le d\u00e9p\u00f4t. Cette \u00e9tape nous aide \u00e0 r\u00e9duire les r\u00e9trofacturations. Si vous avez pay\u00e9 par carte, indiquez le nom du titulaire de la carte. Indiquez les quatre derniers chiffres. Masquez les chiffres du milieu. Si vous avez utilis\u00e9 un portefeuille \u00e9lectronique, envoyez une capture d&rsquo;\u00e9cran de votre profil de portefeuille. Il doit indiquer le nom de votre compte. Il peut \u00e9galement indiquer l&rsquo;identifiant du portefeuille.<\/td>\n<\/tr>\n<\/tbody>\n<\/table>\n<p>Effectuez ces v\u00e9rifications \u00e0 l&rsquo;avance si vous pr\u00e9voyez d&rsquo;effectuer un retrait peu apr\u00e8s un gain. Si vous avez des questions pendant la v\u00e9rification, contactez notre \u00e9quipe \u00e0 tout moment.<\/p>\n<h2>FAQ<\/h2>\n<h3>Que dois-je faire si je ne parviens pas \u00e0 acc\u00e9der \u00e0 mon compte ?<\/h3>\n<p>Assurez-vous d&rsquo;utiliser la m\u00eame adresse e-mail que celle utilis\u00e9e lors de votre inscription. V\u00e9rifiez que la touche Caps Lock n&rsquo;est pas activ\u00e9e avant de saisir votre mot de passe. Si la page continue de rejeter vos informations, effacez les cookies de notre site et r\u00e9essayez dans une fen\u00eatre priv\u00e9e. Si rien ne fonctionne, r\u00e9initialisez votre mot de passe, puis essayez de vous reconnecter. Si le probl\u00e8me persiste, contactez notre \u00e9quipe d&rsquo;assistance et nous v\u00e9rifierons votre compte.<\/p>\n<h3>Pourquoi dois-je confirmer mon compte ?<\/h3>\n<p>La v\u00e9rification du compte est une mesure de s\u00e9curit\u00e9 efficace. Nous l&rsquo;utilisons pour nous assurer que les retraits sont effectu\u00e9s par le v\u00e9ritable propri\u00e9taire du compte. En outre, la v\u00e9rification d&rsquo;identit\u00e9 permet de confirmer votre \u00e2ge et votre identit\u00e9. Elle nous aide \u00e9galement \u00e0 pr\u00e9venir la fraude et d&rsquo;autres crimes financiers sur notre site web.<\/p>\n<h3>Puis-je modifier mon mot de passe ou d&rsquo;autres informations personnelles ?<\/h3>\n<p>AFK Spin vous permet de contr\u00f4ler ces informations dans la section \u00ab Param\u00e8tres \u00bb. Ouvrez les param\u00e8tres de votre compte et mettez \u00e0 jour votre mot de passe, vos coordonn\u00e9es ou vos informations de paiement. Nous vous envoyons un e-mail de confirmation apr\u00e8s chaque modification importante afin que vous puissiez rep\u00e9rer rapidement toute activit\u00e9 inhabituelle. Si vous avez besoin d&rsquo;aide, notre \u00e9quipe peut vous guider dans la section de connexion d&rsquo;AFK Spin et le menu de profil.<\/p>\n<\/div><\/div><\/p>\n","protected":false},"excerpt":{"rendered":"<p>AFKSpin Login et inscription de compte Le AFKSpin login permet aux utilisateurs d&rsquo;acc\u00e9der rapidement \u00e0 leur profil afin de pouvoir profiter des offres et revenir \u00e0 leurs jeux sans d\u00e9lai. Utilisez votre compte pour g\u00e9rer vos d\u00e9p\u00f4ts, vos retraits, vos bonus et vos outils de jeu responsable en un seul endroit. Nous avons con\u00e7u le [&hellip;]<\/p>\n","protected":false},"author":1,"featured_media":0,"parent":0,"menu_order":0,"comment_status":"closed","ping_status":"closed","template":"template-builder.php","meta":{"_acf_changed":false,"inline_featured_image":false,"footnotes":""},"class_list":["post-1461","page","type-page","status-publish","hentry"],"acf":[],"yoast_head":"<!-- This site is optimized with the Yoast SEO plugin v27.3 - https:\/\/yoast.com\/product\/yoast-seo-wordpress\/ -->\n<title>AFKSpin Login | Connexion \u00e0 votre compte casino<\/title>\n<meta name=\"description\" content=\"Utilisez AFK Spin login pour vous connecter ou cr\u00e9er un nouveau compte, r\u00e9clamer des bonus, g\u00e9rer les d\u00e9p\u00f4ts et les retraits avec une assistance 24\/7.\" \/>\n<meta name=\"robots\" content=\"index, follow, max-snippet:-1, max-image-preview:large, max-video-preview:-1\" \/>\n<link rel=\"canonical\" href=\"https:\/\/afk-spin.org\/fr\/connexion-et-inscription\/\" \/>\n<meta property=\"og:locale\" content=\"fr_FR\" \/>\n<meta property=\"og:type\" content=\"article\" \/>\n<meta property=\"og:title\" content=\"AFKSpin Login | Connexion \u00e0 votre compte casino\" \/>\n<meta property=\"og:description\" content=\"Utilisez AFK Spin login pour vous connecter ou cr\u00e9er un nouveau compte, r\u00e9clamer des bonus, g\u00e9rer les d\u00e9p\u00f4ts et les retraits avec une assistance 24\/7.\" \/>\n<meta property=\"og:url\" content=\"https:\/\/afk-spin.org\/fr\/connexion-et-inscription\/\" \/>\n<meta property=\"og:site_name\" content=\"afkspin\" \/>\n<meta property=\"article:modified_time\" content=\"2026-03-20T15:11:43+00:00\" \/>\n<meta name=\"twitter:card\" content=\"summary_large_image\" \/>\n<meta name=\"twitter:label1\" content=\"Dur\u00e9e de lecture estim\u00e9e\" \/>\n\t<meta name=\"twitter:data1\" content=\"1 minute\" \/>\n<script type=\"application\/ld+json\" class=\"yoast-schema-graph\">{\"@context\":\"https:\\\/\\\/schema.org\",\"@graph\":[{\"@type\":\"WebPage\",\"@id\":\"https:\\\/\\\/afk-spin.org\\\/fr\\\/connexion-et-inscription\\\/\",\"url\":\"https:\\\/\\\/afk-spin.org\\\/fr\\\/connexion-et-inscription\\\/\",\"name\":\"AFKSpin Login | Connexion \u00e0 votre compte casino\",\"isPartOf\":{\"@id\":\"https:\\\/\\\/afk-spin.org\\\/fr\\\/#website\"},\"datePublished\":\"2025-11-13T12:31:24+00:00\",\"dateModified\":\"2026-03-20T15:11:43+00:00\",\"description\":\"Utilisez AFK Spin login pour vous connecter ou cr\u00e9er un nouveau compte, r\u00e9clamer des bonus, g\u00e9rer les d\u00e9p\u00f4ts et les retraits avec une assistance 24\\\/7.\",\"breadcrumb\":{\"@id\":\"https:\\\/\\\/afk-spin.org\\\/fr\\\/connexion-et-inscription\\\/#breadcrumb\"},\"inLanguage\":\"fr-FR\",\"potentialAction\":[{\"@type\":\"ReadAction\",\"target\":[\"https:\\\/\\\/afk-spin.org\\\/fr\\\/connexion-et-inscription\\\/\"]}]},{\"@type\":\"BreadcrumbList\",\"@id\":\"https:\\\/\\\/afk-spin.org\\\/fr\\\/connexion-et-inscription\\\/#breadcrumb\",\"itemListElement\":[{\"@type\":\"ListItem\",\"position\":1,\"name\":\"Afkspin\",\"item\":\"https:\\\/\\\/afk-spin.org\\\/fr\\\/\"},{\"@type\":\"ListItem\",\"position\":2,\"name\":\"Connexion et inscription\"}]},{\"@type\":\"WebSite\",\"@id\":\"https:\\\/\\\/afk-spin.org\\\/fr\\\/#website\",\"url\":\"https:\\\/\\\/afk-spin.org\\\/fr\\\/\",\"name\":\"Afkspin\",\"description\":\"\",\"publisher\":{\"@id\":\"https:\\\/\\\/afk-spin.org\\\/fr\\\/#organization\"},\"potentialAction\":[{\"@type\":\"SearchAction\",\"target\":{\"@type\":\"EntryPoint\",\"urlTemplate\":\"https:\\\/\\\/afk-spin.org\\\/fr\\\/?s={search_term_string}\"},\"query-input\":{\"@type\":\"PropertyValueSpecification\",\"valueRequired\":true,\"valueName\":\"search_term_string\"}}],\"inLanguage\":\"fr-FR\"},{\"@type\":\"Organization\",\"@id\":\"https:\\\/\\\/afk-spin.org\\\/fr\\\/#organization\",\"name\":\"Afkspin\",\"url\":\"https:\\\/\\\/afk-spin.org\\\/fr\\\/\",\"logo\":{\"@type\":\"ImageObject\",\"inLanguage\":\"fr-FR\",\"@id\":\"https:\\\/\\\/afk-spin.org\\\/fr\\\/#\\\/schema\\\/logo\\\/image\\\/\",\"url\":\"https:\\\/\\\/afk-spin.org\\\/wp-content\\\/uploads\\\/2025\\\/11\\\/logo.svg\",\"contentUrl\":\"https:\\\/\\\/afk-spin.org\\\/wp-content\\\/uploads\\\/2025\\\/11\\\/logo.svg\",\"width\":84,\"height\":24,\"caption\":\"Afkspin\"},\"image\":{\"@id\":\"https:\\\/\\\/afk-spin.org\\\/fr\\\/#\\\/schema\\\/logo\\\/image\\\/\"}}]}<\/script>\n<!-- \/ Yoast SEO plugin. -->","yoast_head_json":{"title":"AFKSpin Login | Connexion \u00e0 votre compte casino","description":"Utilisez AFK Spin login pour vous connecter ou cr\u00e9er un nouveau compte, r\u00e9clamer des bonus, g\u00e9rer les d\u00e9p\u00f4ts et les retraits avec une assistance 24\/7.","robots":{"index":"index","follow":"follow","max-snippet":"max-snippet:-1","max-image-preview":"max-image-preview:large","max-video-preview":"max-video-preview:-1"},"canonical":"https:\/\/afk-spin.org\/fr\/connexion-et-inscription\/","og_locale":"fr_FR","og_type":"article","og_title":"AFKSpin Login | Connexion \u00e0 votre compte casino","og_description":"Utilisez AFK Spin login pour vous connecter ou cr\u00e9er un nouveau compte, r\u00e9clamer des bonus, g\u00e9rer les d\u00e9p\u00f4ts et les retraits avec une assistance 24\/7.","og_url":"https:\/\/afk-spin.org\/fr\/connexion-et-inscription\/","og_site_name":"afkspin","article_modified_time":"2026-03-20T15:11:43+00:00","twitter_card":"summary_large_image","twitter_misc":{"Dur\u00e9e de lecture estim\u00e9e":"1 minute"},"schema":{"@context":"https:\/\/schema.org","@graph":[{"@type":"WebPage","@id":"https:\/\/afk-spin.org\/fr\/connexion-et-inscription\/","url":"https:\/\/afk-spin.org\/fr\/connexion-et-inscription\/","name":"AFKSpin Login | Connexion \u00e0 votre compte casino","isPartOf":{"@id":"https:\/\/afk-spin.org\/fr\/#website"},"datePublished":"2025-11-13T12:31:24+00:00","dateModified":"2026-03-20T15:11:43+00:00","description":"Utilisez AFK Spin login pour vous connecter ou cr\u00e9er un nouveau compte, r\u00e9clamer des bonus, g\u00e9rer les d\u00e9p\u00f4ts et les retraits avec une assistance 24\/7.","breadcrumb":{"@id":"https:\/\/afk-spin.org\/fr\/connexion-et-inscription\/#breadcrumb"},"inLanguage":"fr-FR","potentialAction":[{"@type":"ReadAction","target":["https:\/\/afk-spin.org\/fr\/connexion-et-inscription\/"]}]},{"@type":"BreadcrumbList","@id":"https:\/\/afk-spin.org\/fr\/connexion-et-inscription\/#breadcrumb","itemListElement":[{"@type":"ListItem","position":1,"name":"Afkspin","item":"https:\/\/afk-spin.org\/fr\/"},{"@type":"ListItem","position":2,"name":"Connexion et inscription"}]},{"@type":"WebSite","@id":"https:\/\/afk-spin.org\/fr\/#website","url":"https:\/\/afk-spin.org\/fr\/","name":"Afkspin","description":"","publisher":{"@id":"https:\/\/afk-spin.org\/fr\/#organization"},"potentialAction":[{"@type":"SearchAction","target":{"@type":"EntryPoint","urlTemplate":"https:\/\/afk-spin.org\/fr\/?s={search_term_string}"},"query-input":{"@type":"PropertyValueSpecification","valueRequired":true,"valueName":"search_term_string"}}],"inLanguage":"fr-FR"},{"@type":"Organization","@id":"https:\/\/afk-spin.org\/fr\/#organization","name":"Afkspin","url":"https:\/\/afk-spin.org\/fr\/","logo":{"@type":"ImageObject","inLanguage":"fr-FR","@id":"https:\/\/afk-spin.org\/fr\/#\/schema\/logo\/image\/","url":"https:\/\/afk-spin.org\/wp-content\/uploads\/2025\/11\/logo.svg","contentUrl":"https:\/\/afk-spin.org\/wp-content\/uploads\/2025\/11\/logo.svg","width":84,"height":24,"caption":"Afkspin"},"image":{"@id":"https:\/\/afk-spin.org\/fr\/#\/schema\/logo\/image\/"}}]}},"_links":{"self":[{"href":"https:\/\/afk-spin.org\/fr\/wp-json\/wp\/v2\/pages\/1461","targetHints":{"allow":["GET"]}}],"collection":[{"href":"https:\/\/afk-spin.org\/fr\/wp-json\/wp\/v2\/pages"}],"about":[{"href":"https:\/\/afk-spin.org\/fr\/wp-json\/wp\/v2\/types\/page"}],"author":[{"embeddable":true,"href":"https:\/\/afk-spin.org\/fr\/wp-json\/wp\/v2\/users\/1"}],"replies":[{"embeddable":true,"href":"https:\/\/afk-spin.org\/fr\/wp-json\/wp\/v2\/comments?post=1461"}],"version-history":[{"count":5,"href":"https:\/\/afk-spin.org\/fr\/wp-json\/wp\/v2\/pages\/1461\/revisions"}],"predecessor-version":[{"id":2041,"href":"https:\/\/afk-spin.org\/fr\/wp-json\/wp\/v2\/pages\/1461\/revisions\/2041"}],"wp:attachment":[{"href":"https:\/\/afk-spin.org\/fr\/wp-json\/wp\/v2\/media?parent=1461"}],"curies":[{"name":"wp","href":"https:\/\/api.w.org\/{rel}","templated":true}]}}