{"id":1412,"date":"2025-11-13T12:20:50","date_gmt":"2025-11-13T12:20:50","guid":{"rendered":"https:\/\/afk-spin.org\/app\/"},"modified":"2026-03-20T15:11:58","modified_gmt":"2026-03-20T15:11:58","slug":"app","status":"publish","type":"page","link":"https:\/\/afk-spin.org\/fr\/app\/","title":{"rendered":"App"},"content":{"rendered":"<h1>AFKSpin App mobile<\/h1>\n<p>AFKSpin App fonctionne comme une application web progressive (PWA) qui vous permet d&rsquo;ouvrir notre lobby en appuyant simplement sur une ic\u00f4ne sur votre \u00e9cran d&rsquo;accueil. Elle vous donne un acc\u00e8s plus rapide \u00e0 plus de 6 000 titres via un appareil mobile, avec des machines \u00e0 sous, des tables avec croupiers en direct et des jeux classiques tels que la roulette et le blackjack.<\/p>\n<p>L&rsquo;application AFK Spin est une excellente solution pour les joueurs qui souhaitent jouer rapidement lors de leurs d\u00e9placements. Elle s&rsquo;ouvre en plein \u00e9cran. Elle propose des menus simples et charge rapidement les jeux sur les navigateurs modernes. De plus, AFKSpin Casino regroupe votre portefeuille, vos bonus et vos outils d&rsquo;assistance en un seul endroit, vous n&rsquo;avez donc pas besoin de cr\u00e9er des comptes de casino distincts pour votre ordinateur et votre appareil mobile.<\/p>\n<p><div class=\"banner-wrap\" aria-label=\"Banner\"><img src=\"https:\/\/afk-spin.org\/wp-content\/uploads\/2025\/12\/AFK-Spins-banner-carousel-932\u044540.webp\" class=\"w-100 d-none d-lg-block img-pc main-banner-img\" alt=\"AFK Spins banner desktop\" fetchpriority=\"high\" decoding=\"async\"><img src=\"https:\/\/afk-spin.org\/wp-content\/uploads\/2025\/12\/Frame-36-1.webp\" class=\"w-100 d-none d-md-block d-lg-none main-banner-img\" alt=\"AFK Spins banner desktop\" fetchpriority=\"high\" decoding=\"async\"><img src=\"https:\/\/afk-spin.org\/wp-content\/uploads\/2025\/12\/Frame-36-1.webp\" class=\"w-100 d-md-none\" alt=\"AFK Spins banner desktop\" fetchpriority=\"high\" decoding=\"async\"><div class=\"banner-description\">\n<div class=\"banner-title\">Bonus de bienvenue<\/div>\n<p class=\"banner-header-title\">1200 \u20ac<\/p>\n<div class=\"banner-header-AdditionalText\">+ 250 Tours Gratuits<\/div>\n<button data-item=\"homepage_banner_link\" class=\"goto m-button m-gradient-border m-button--primary m-button--large banner-button btn-orange\">\n            <div class=\"m-button-content\">\n                <span>Inscrivez-vous d\u00e8s maintenant<\/span>\n                <span><\/span>\n            <\/div>\n        <\/button>\n<\/div>\n<div class=\"WelcomePack\">\n<p><img loading=\"lazy\" decoding=\"async\" class=\"alignnone size-full wp-image-1886\" src=\"https:\/\/afk-spin.org\/wp-content\/uploads\/2026\/03\/welcome-crown.png\" alt=\"welcome crown\" width=\"25\" height=\"26\" \/><\/p>\n<div class=\"WelcomePack-Info\">Cashback hebdomadaire jusqu&rsquo;\u00e0 25 %<\/div>\n<p><img loading=\"lazy\" decoding=\"async\" class=\"alignnone size-full wp-image-1886\" src=\"https:\/\/afk-spin.org\/wp-content\/uploads\/2026\/03\/welcome-crown.png\" alt=\"welcome crown\" width=\"25\" height=\"26\" \/><\/p>\n<\/div>\n<\/div><div class=\"scrollable-content-wrap my-5\"><div class=\"scrollable-content-inner\"><h2>AFK Spin Casino Web pour Windows et Mac<\/h2>\n<p>La version web principale de notre site web permet une exp\u00e9rience de jeu fluide sur les appareils Windows et Mac. Cependant, pour plus de commodit\u00e9, vous pouvez utiliser notre PWA non seulement sur votre smartphone, mais aussi sur un ordinateur portable ou un PC.<\/p>\n<p>Cette application AFKSpin s&rsquo;ex\u00e9cute dans sa propre fen\u00eatre et se lance comme un programme classique. Vous pouvez \u00e9galement \u00e9pingler l&rsquo;application AFK Spin \u00e0 votre barre des t\u00e2ches pour acc\u00e9der au lobby en un seul clic.<\/p>\n<p>Suivez ces \u00e9tapes pour l&rsquo;installer sur Windows ou Mac :<\/p>\n<ol>\n<li>Ouvrez notre page d&rsquo;accueil dans votre navigateur.<\/li>\n<li>Cliquez sur l&rsquo;ic\u00f4ne avec la fl\u00e8che vers le bas dans la barre d&rsquo;adresse.<\/li>\n<li>Appuyez sur le bouton d&rsquo;installation pour lancer le processus.<\/li>\n<\/ol>\n<p>La PWA se met \u00e0 jour automatiquement lorsque vous l&rsquo;ouvrez. Elle vous donne \u00e9galement un acc\u00e8s direct au chat en direct, \u00e0 la v\u00e9rification de votre compte et \u00e0 l&rsquo;historique de vos transactions. AFKSpin regroupe ces outils dans la m\u00eame interface, ce qui vous permet d&rsquo;acc\u00e9der facilement \u00e0 toutes les informations dont vous pourriez avoir besoin.<\/p>\n<p><img loading=\"lazy\" decoding=\"async\" src=\"https:\/\/afk-spin.org\/wp-content\/uploads\/2025\/11\/AFKspin-Desktop.webp\" alt=\"AFKspin Desktop\" width=\"1248\" height=\"536\" \/><\/p>\n<\/div><\/div><div style=\"clear: both\"><\/div><div class=\"d-flex justify-content-center\"><button data-item=\"decouvrez_link\" data-group=\"website_links\" class=\"goto fw-bold rounded-pill btn btn-orange\" aria-label=\"T\u00e9l\u00e9chargez l&#039;application AFKspin\" >T\u00e9l\u00e9chargez l&#039;application AFKspin<\/button><\/div><div class=\"scrollable-content-wrap my-5\"><div class=\"scrollable-content-inner\"><h2>Avantages de l&rsquo;application AFKSpin Casino<\/h2>\n<p>L&rsquo;application et le site web proposent tous deux le m\u00eame produit de base. La diff\u00e9rence r\u00e9side dans la mani\u00e8re dont vous y acc\u00e9dez et dans votre exp\u00e9rience de jeu. L&rsquo;application est adapt\u00e9e \u00e0 une utilisation mobile et \u00e0 des sessions courtes. Le site web convient mieux aux joueurs qui pr\u00e9f\u00e8rent utiliser un onglet de navigateur sur un \u00e9cran plus grand.<\/p>\n<table>\n<tbody>\n<tr>\n<td>Fonctionnalit\u00e9<\/td>\n<td>AFKSpin App<\/td>\n<td>Site web AFK Spin<\/td>\n<\/tr>\n<tr>\n<td>Acc\u00e8s<\/td>\n<td>Ouvrez-le depuis votre \u00e9cran d&rsquo;accueil ou votre barre des t\u00e2ches sans ouvrir le navigateur<\/td>\n<td>Ouvrez dans n&rsquo;importe quel navigateur sous Windows ou Mac<\/td>\n<\/tr>\n<tr>\n<td>Vitesse<\/td>\n<td>Chargement rapide et performances fluides gr\u00e2ce \u00e0 l&rsquo;optimisation HTML5 et \u00e0 la mise en cache<\/td>\n<td>Visuels stables sur le bureau avec contr\u00f4les complets du navigateur<\/td>\n<\/tr>\n<tr>\n<td>Interface<\/td>\n<td>Disposition tactile avec navigation par glissement et rotation automatique<\/td>\n<td>Affichage plein \u00e9cran prenant en charge le multit\u00e2che et les onglets multiples<\/td>\n<\/tr>\n<tr>\n<td>Assistance<\/td>\n<td>Le chat en direct s&rsquo;ouvre dans l&rsquo;application<\/td>\n<td>Acc\u00e8s au centre d&rsquo;aide via le site Web, avec options de chat et d&rsquo;e-mail<\/td>\n<\/tr>\n<tr>\n<td>Style de jeu<\/td>\n<td>Id\u00e9al pour les sessions rapides lorsque vous disposez d&rsquo;une connexion fiable<\/td>\n<td>Id\u00e9al pour les sessions plus longues et la navigation prolong\u00e9e<\/td>\n<\/tr>\n<tr>\n<td>Outils de compte<\/td>\n<td>G\u00e9rez vos d\u00e9p\u00f4ts, retraits, bonus et v\u00e9rifications pendant que vous jouez<\/td>\n<td>Utilisez des menus d\u00e9taill\u00e9s pour une gestion compl\u00e8te de votre compte<\/td>\n<\/tr>\n<\/tbody>\n<\/table>\n<\/div><\/div><div style=\"clear: both\"><\/div><div class=\"d-flex justify-content-center\"><button data-item=\"decouvrez_link\" data-group=\"website_links\" class=\"goto fw-bold rounded-pill btn btn-orange\" aria-label=\"T\u00e9l\u00e9charger AFKspin\" >T\u00e9l\u00e9charger AFKspin<\/button><\/div><div class=\"scrollable-content-wrap my-5\"><div class=\"scrollable-content-inner\"><h2>Comment installer l&rsquo;application AFKSpin sur un appareil Android ?<\/h2>\n<p>L&rsquo;installation sur Android ne prend qu&rsquo;une minute et ne n\u00e9cessite pas Google Play. Une fois ajout\u00e9e, l&rsquo;application AFKSpin appara\u00eet sur votre \u00e9cran d&rsquo;accueil comme n&rsquo;importe quel autre raccourci.<\/p>\n<ol>\n<li>Ouvrez le site web sur votre appareil mobile.<\/li>\n<li>Ajoutez l&rsquo;ic\u00f4ne du casino \u00e0 votre \u00e9cran d&rsquo;accueil via les param\u00e8tres du navigateur.<\/li>\n<li>Lancez l&rsquo;installation en appuyant sur un bouton.<\/li>\n<\/ol>\n<p>AFK Spin App offre un acc\u00e8s complet \u00e0 nos cat\u00e9gories de jeux, y compris les machines \u00e0 sous et les jeux de table, ainsi qu&rsquo;\u00e0 la section casino en direct. Vous pouvez \u00e9galement b\u00e9n\u00e9ficier de promotions, modifier vos limites, effectuer des d\u00e9p\u00f4ts et demander des retraits \u00e0 partir du m\u00eame menu.<\/p>\n<p><img loading=\"lazy\" decoding=\"async\" src=\"https:\/\/afk-spin.org\/wp-content\/uploads\/2025\/11\/AFKspin-Android-App.webp\" alt=\"AFKspin Android\" width=\"1248\" height=\"536\" \/><\/p>\n<\/div><\/div><div style=\"clear: both\"><\/div><div class=\"d-flex justify-content-center\"><button data-item=\"decouvrez_link\" data-group=\"website_links\" class=\"goto fw-bold rounded-pill btn btn-orange\" aria-label=\"T\u00e9l\u00e9chargez l&#039;application AFKspin\" >T\u00e9l\u00e9chargez l&#039;application AFKspin<\/button><\/div><div class=\"scrollable-content-wrap my-5\"><div class=\"scrollable-content-inner\"><h2>AFKSpin App pour iOS<\/h2>\n<p>Si vous utilisez un iPhone ou un iPad, vous pouvez installer notre PWA directement depuis Safari. L&rsquo;application AFKSpin fonctionne sur toutes les versions iOS r\u00e9centes et ne n\u00e9cessite pas l&rsquo;App Store. Elle conserve les m\u00eames identifiants de connexion et la m\u00eame caisse, vous pouvez donc changer d&rsquo;appareil sans configuration suppl\u00e9mentaire.<\/p>\n<h3>Installation de l&rsquo;application sur iOS<\/h3>\n<p>Suivez ces \u00e9tapes pour placer l&rsquo;ic\u00f4ne sur votre t\u00e9l\u00e9phone :<\/p>\n<ol>\n<li>Ouvrez la page d&rsquo;accueil dans Safari.<\/li>\n<li>Ajoutez l&rsquo;ic\u00f4ne du casino \u00e0 votre \u00e9cran d&rsquo;accueil en s\u00e9lectionnant l&rsquo;option appropri\u00e9e dans les param\u00e8tres du navigateur.<\/li>\n<li>Lancez l&rsquo;application AFKSpin depuis votre \u00e9cran d&rsquo;accueil et connectez-vous.<\/li>\n<\/ol>\n<p>L&rsquo;application AFK Spin reste sur votre \u00e9cran d&rsquo;accueil, vous pouvez donc y revenir d&rsquo;un simple clic. Une fois la configuration termin\u00e9e, l&rsquo;application de casino AFK Spin vous permet d&rsquo;acc\u00e9der rapidement aux tournois et aux salles de croupiers en direct. Votre solde reste visible dans une seule vue. Vous pouvez \u00e9galement activer les notifications dans les param\u00e8tres de votre navigateur pour rester inform\u00e9 des offres \u00e0 dur\u00e9e limit\u00e9e.<\/p>\n<p><img loading=\"lazy\" decoding=\"async\" src=\"https:\/\/afk-spin.org\/wp-content\/uploads\/2025\/11\/AFKspin-iOS-App.webp\" alt=\"AFKspin iOS\" width=\"1248\" height=\"536\" \/><\/p>\n<\/div><\/div><div style=\"clear: both\"><\/div><div class=\"d-flex justify-content-center\"><button data-item=\"decouvrez_link\" data-group=\"website_links\" class=\"goto fw-bold rounded-pill btn btn-orange\" aria-label=\"T\u00e9l\u00e9charger AFKspin\" >T\u00e9l\u00e9charger AFKspin<\/button><\/div><div class=\"scrollable-content-wrap my-5\"><div class=\"scrollable-content-inner\"><h2>FAQ<\/h2>\n<h3>Quelles plateformes mobiles sont compatibles avec l&rsquo;application AFKSpin Casino ?<\/h3>\n<p>Vous pouvez l&rsquo;utiliser sur Android et iOS. Vous pouvez \u00e9galement l&rsquo;installer sur Windows et Mac via un navigateur pris en charge. Ce format garantit des performances stables et \u00e9vite les t\u00e9l\u00e9chargements lourds tout en vous offrant une exp\u00e9rience compl\u00e8te du lobby.<\/p>\n<h3>Les joueurs mobiles b\u00e9n\u00e9ficient-ils de bonus exclusifs ?<\/h3>\n<p>Sur AFK Spin, nous envoyons parfois des promotions r\u00e9serv\u00e9es aux mobiles et de br\u00e8ves alertes pour des campagnes limit\u00e9es. Vous pouvez r\u00e9clamer ces offres depuis votre profil et les utiliser sur les jeux \u00e9ligibles.<\/p>\n<h3>Puis-je t\u00e9l\u00e9charger l&rsquo;application directement depuis la boutique ?<\/h3>\n<p>Non. Vous pouvez installer AFKSpin App depuis notre site web. L&rsquo;application AFKSpin se met \u00e0 jour automatiquement et utilise moins d&rsquo;espace de stockage que de nombreuses applications natives. Si vous souhaitez cr\u00e9er un raccourci sur votre bureau, vous pouvez \u00e9galement installer l&rsquo;application AFK Spin en quelques clics.<\/p>\n<h3>L&rsquo;application est-elle s\u00fbre et s\u00e9curis\u00e9e ?<\/h3>\n<p>Nous utilisons la technologie de cryptage des donn\u00e9es la plus avanc\u00e9e pour prot\u00e9ger vos informations sensibles, quel que soit l&rsquo;appareil que vous utilisez. AFKSpin prend \u00e9galement en charge les contr\u00f4les de v\u00e9rification standard, qui nous aident \u00e0 confirmer l&rsquo;authenticit\u00e9 de vos identifiants avant d&rsquo;approuver les retraits. Lorsque vous jouez, l&rsquo;application AFK Spin Casino suit les m\u00eames r\u00e8gles de s\u00e9curit\u00e9 que le site de bureau.<\/p>\n<\/div><\/div><\/p>\n","protected":false},"excerpt":{"rendered":"<p>AFKSpin App mobile AFKSpin App fonctionne comme une application web progressive (PWA) qui vous permet d&rsquo;ouvrir notre lobby en appuyant simplement sur une ic\u00f4ne sur votre \u00e9cran d&rsquo;accueil. Elle vous donne un acc\u00e8s plus rapide \u00e0 plus de 6 000 titres via un appareil mobile, avec des machines \u00e0 sous, des tables avec croupiers en [&hellip;]<\/p>\n","protected":false},"author":1,"featured_media":0,"parent":0,"menu_order":0,"comment_status":"closed","ping_status":"closed","template":"template-builder.php","meta":{"_acf_changed":false,"inline_featured_image":false,"footnotes":""},"class_list":["post-1412","page","type-page","status-publish","hentry"],"acf":[],"yoast_head":"<!-- This site is optimized with the Yoast SEO plugin v27.3 - https:\/\/yoast.com\/product\/yoast-seo-wordpress\/ -->\n<title>AFKSpin app | Application mobile pour Android &amp; iOS<\/title>\n<meta name=\"description\" content=\"Installez l\u2019AFK Spin application en quelques minutes et jouez sur Android &amp; iOS avec des performances fluides, une connexion s\u00e9curis\u00e9e, des options de paiement et des retraits rapides.\" \/>\n<meta name=\"robots\" content=\"index, follow, max-snippet:-1, max-image-preview:large, max-video-preview:-1\" \/>\n<link rel=\"canonical\" href=\"https:\/\/afk-spin.org\/fr\/app\/\" \/>\n<meta property=\"og:locale\" content=\"fr_FR\" \/>\n<meta property=\"og:type\" content=\"article\" \/>\n<meta property=\"og:title\" content=\"AFKSpin app | Application mobile pour Android &amp; iOS\" \/>\n<meta property=\"og:description\" content=\"Installez l\u2019AFK Spin application en quelques minutes et jouez sur Android &amp; iOS avec des performances fluides, une connexion s\u00e9curis\u00e9e, des options de paiement et des retraits rapides.\" \/>\n<meta property=\"og:url\" content=\"https:\/\/afk-spin.org\/fr\/app\/\" \/>\n<meta property=\"og:site_name\" content=\"afkspin\" \/>\n<meta property=\"article:modified_time\" content=\"2026-03-20T15:11:58+00:00\" \/>\n<meta name=\"twitter:card\" content=\"summary_large_image\" \/>\n<meta name=\"twitter:label1\" content=\"Dur\u00e9e de lecture estim\u00e9e\" \/>\n\t<meta name=\"twitter:data1\" content=\"1 minute\" \/>\n<script type=\"application\/ld+json\" class=\"yoast-schema-graph\">{\"@context\":\"https:\\\/\\\/schema.org\",\"@graph\":[{\"@type\":\"WebPage\",\"@id\":\"https:\\\/\\\/afk-spin.org\\\/fr\\\/app\\\/\",\"url\":\"https:\\\/\\\/afk-spin.org\\\/fr\\\/app\\\/\",\"name\":\"AFKSpin app | Application mobile pour Android & iOS\",\"isPartOf\":{\"@id\":\"https:\\\/\\\/afk-spin.org\\\/fr\\\/#website\"},\"datePublished\":\"2025-11-13T12:20:50+00:00\",\"dateModified\":\"2026-03-20T15:11:58+00:00\",\"description\":\"Installez l\u2019AFK Spin application en quelques minutes et jouez sur Android & iOS avec des performances fluides, une connexion s\u00e9curis\u00e9e, des options de paiement et des retraits rapides.\",\"breadcrumb\":{\"@id\":\"https:\\\/\\\/afk-spin.org\\\/fr\\\/app\\\/#breadcrumb\"},\"inLanguage\":\"fr-FR\",\"potentialAction\":[{\"@type\":\"ReadAction\",\"target\":[\"https:\\\/\\\/afk-spin.org\\\/fr\\\/app\\\/\"]}]},{\"@type\":\"BreadcrumbList\",\"@id\":\"https:\\\/\\\/afk-spin.org\\\/fr\\\/app\\\/#breadcrumb\",\"itemListElement\":[{\"@type\":\"ListItem\",\"position\":1,\"name\":\"Afkspin\",\"item\":\"https:\\\/\\\/afk-spin.org\\\/fr\\\/\"},{\"@type\":\"ListItem\",\"position\":2,\"name\":\"App\"}]},{\"@type\":\"WebSite\",\"@id\":\"https:\\\/\\\/afk-spin.org\\\/fr\\\/#website\",\"url\":\"https:\\\/\\\/afk-spin.org\\\/fr\\\/\",\"name\":\"Afkspin\",\"description\":\"\",\"publisher\":{\"@id\":\"https:\\\/\\\/afk-spin.org\\\/fr\\\/#organization\"},\"potentialAction\":[{\"@type\":\"SearchAction\",\"target\":{\"@type\":\"EntryPoint\",\"urlTemplate\":\"https:\\\/\\\/afk-spin.org\\\/fr\\\/?s={search_term_string}\"},\"query-input\":{\"@type\":\"PropertyValueSpecification\",\"valueRequired\":true,\"valueName\":\"search_term_string\"}}],\"inLanguage\":\"fr-FR\"},{\"@type\":\"Organization\",\"@id\":\"https:\\\/\\\/afk-spin.org\\\/fr\\\/#organization\",\"name\":\"Afkspin\",\"url\":\"https:\\\/\\\/afk-spin.org\\\/fr\\\/\",\"logo\":{\"@type\":\"ImageObject\",\"inLanguage\":\"fr-FR\",\"@id\":\"https:\\\/\\\/afk-spin.org\\\/fr\\\/#\\\/schema\\\/logo\\\/image\\\/\",\"url\":\"https:\\\/\\\/afk-spin.org\\\/wp-content\\\/uploads\\\/2025\\\/11\\\/logo.svg\",\"contentUrl\":\"https:\\\/\\\/afk-spin.org\\\/wp-content\\\/uploads\\\/2025\\\/11\\\/logo.svg\",\"width\":84,\"height\":24,\"caption\":\"Afkspin\"},\"image\":{\"@id\":\"https:\\\/\\\/afk-spin.org\\\/fr\\\/#\\\/schema\\\/logo\\\/image\\\/\"}}]}<\/script>\n<!-- \/ Yoast SEO plugin. -->","yoast_head_json":{"title":"AFKSpin app | Application mobile pour Android & iOS","description":"Installez l\u2019AFK Spin application en quelques minutes et jouez sur Android & iOS avec des performances fluides, une connexion s\u00e9curis\u00e9e, des options de paiement et des retraits rapides.","robots":{"index":"index","follow":"follow","max-snippet":"max-snippet:-1","max-image-preview":"max-image-preview:large","max-video-preview":"max-video-preview:-1"},"canonical":"https:\/\/afk-spin.org\/fr\/app\/","og_locale":"fr_FR","og_type":"article","og_title":"AFKSpin app | Application mobile pour Android & iOS","og_description":"Installez l\u2019AFK Spin application en quelques minutes et jouez sur Android & iOS avec des performances fluides, une connexion s\u00e9curis\u00e9e, des options de paiement et des retraits rapides.","og_url":"https:\/\/afk-spin.org\/fr\/app\/","og_site_name":"afkspin","article_modified_time":"2026-03-20T15:11:58+00:00","twitter_card":"summary_large_image","twitter_misc":{"Dur\u00e9e de lecture estim\u00e9e":"1 minute"},"schema":{"@context":"https:\/\/schema.org","@graph":[{"@type":"WebPage","@id":"https:\/\/afk-spin.org\/fr\/app\/","url":"https:\/\/afk-spin.org\/fr\/app\/","name":"AFKSpin app | Application mobile pour Android & iOS","isPartOf":{"@id":"https:\/\/afk-spin.org\/fr\/#website"},"datePublished":"2025-11-13T12:20:50+00:00","dateModified":"2026-03-20T15:11:58+00:00","description":"Installez l\u2019AFK Spin application en quelques minutes et jouez sur Android & iOS avec des performances fluides, une connexion s\u00e9curis\u00e9e, des options de paiement et des retraits rapides.","breadcrumb":{"@id":"https:\/\/afk-spin.org\/fr\/app\/#breadcrumb"},"inLanguage":"fr-FR","potentialAction":[{"@type":"ReadAction","target":["https:\/\/afk-spin.org\/fr\/app\/"]}]},{"@type":"BreadcrumbList","@id":"https:\/\/afk-spin.org\/fr\/app\/#breadcrumb","itemListElement":[{"@type":"ListItem","position":1,"name":"Afkspin","item":"https:\/\/afk-spin.org\/fr\/"},{"@type":"ListItem","position":2,"name":"App"}]},{"@type":"WebSite","@id":"https:\/\/afk-spin.org\/fr\/#website","url":"https:\/\/afk-spin.org\/fr\/","name":"Afkspin","description":"","publisher":{"@id":"https:\/\/afk-spin.org\/fr\/#organization"},"potentialAction":[{"@type":"SearchAction","target":{"@type":"EntryPoint","urlTemplate":"https:\/\/afk-spin.org\/fr\/?s={search_term_string}"},"query-input":{"@type":"PropertyValueSpecification","valueRequired":true,"valueName":"search_term_string"}}],"inLanguage":"fr-FR"},{"@type":"Organization","@id":"https:\/\/afk-spin.org\/fr\/#organization","name":"Afkspin","url":"https:\/\/afk-spin.org\/fr\/","logo":{"@type":"ImageObject","inLanguage":"fr-FR","@id":"https:\/\/afk-spin.org\/fr\/#\/schema\/logo\/image\/","url":"https:\/\/afk-spin.org\/wp-content\/uploads\/2025\/11\/logo.svg","contentUrl":"https:\/\/afk-spin.org\/wp-content\/uploads\/2025\/11\/logo.svg","width":84,"height":24,"caption":"Afkspin"},"image":{"@id":"https:\/\/afk-spin.org\/fr\/#\/schema\/logo\/image\/"}}]}},"_links":{"self":[{"href":"https:\/\/afk-spin.org\/fr\/wp-json\/wp\/v2\/pages\/1412","targetHints":{"allow":["GET"]}}],"collection":[{"href":"https:\/\/afk-spin.org\/fr\/wp-json\/wp\/v2\/pages"}],"about":[{"href":"https:\/\/afk-spin.org\/fr\/wp-json\/wp\/v2\/types\/page"}],"author":[{"embeddable":true,"href":"https:\/\/afk-spin.org\/fr\/wp-json\/wp\/v2\/users\/1"}],"replies":[{"embeddable":true,"href":"https:\/\/afk-spin.org\/fr\/wp-json\/wp\/v2\/comments?post=1412"}],"version-history":[{"count":6,"href":"https:\/\/afk-spin.org\/fr\/wp-json\/wp\/v2\/pages\/1412\/revisions"}],"predecessor-version":[{"id":2043,"href":"https:\/\/afk-spin.org\/fr\/wp-json\/wp\/v2\/pages\/1412\/revisions\/2043"}],"wp:attachment":[{"href":"https:\/\/afk-spin.org\/fr\/wp-json\/wp\/v2\/media?parent=1412"}],"curies":[{"name":"wp","href":"https:\/\/api.w.org\/{rel}","templated":true}]}}