{"id":1421,"date":"2025-11-13T12:20:50","date_gmt":"2025-11-13T12:20:50","guid":{"rendered":"https:\/\/afk-spin.org\/app-2\/"},"modified":"2026-03-18T11:16:58","modified_gmt":"2026-03-18T11:16:58","slug":"aplicacion","status":"publish","type":"page","link":"https:\/\/afk-spin.org\/es\/aplicacion\/","title":{"rendered":"Aplicaci\u00f3n"},"content":{"rendered":"<h1>AFKSpin App m\u00f3vil<\/h1>\n<p>La AFKSpin app funciona como una aplicaci\u00f3n web progresiva (PWA) que te permite abrir nuestro lobby con solo tocar un icono en tu pantalla de inicio. Te ofrece un acceso m\u00e1s r\u00e1pido a m\u00e1s de 6.000 t\u00edtulos a trav\u00e9s de un dispositivo m\u00f3vil, con tragamonedas, mesas con crupier en vivo y juegos cl\u00e1sicos como la ruleta y el blackjack.<\/p>\n<p>La aplicaci\u00f3n AFK Spin es una soluci\u00f3n excelente para los jugadores espa\u00f1oles que desean sesiones r\u00e1pidas sobre la marcha. Se abre en pantalla completa. Mantiene los men\u00fas sencillos y carga los juegos r\u00e1pidamente en los navegadores modernos. Adem\u00e1s, AFKSpin Casino mantiene su monedero, bonificaciones y herramientas de asistencia en un solo lugar, por lo que no es necesario crear cuentas de casino separadas para ordenador y m\u00f3vil.<\/p>\n<p><div class=\"banner-wrap\" aria-label=\"Banner\"><img src=\"https:\/\/afk-spin.org\/wp-content\/uploads\/2025\/12\/AFK-Spins-banner-carousel-932\u044540.webp\" class=\"w-100 d-none d-lg-block img-pc main-banner-img\" alt=\"AFK Spins banner desktop\" fetchpriority=\"high\" decoding=\"async\"><img src=\"https:\/\/afk-spin.org\/wp-content\/uploads\/2025\/12\/Frame-36-1.webp\" class=\"w-100 d-none d-md-block d-lg-none main-banner-img\" alt=\"AFK Spins banner desktop\" fetchpriority=\"high\" decoding=\"async\"><img src=\"https:\/\/afk-spin.org\/wp-content\/uploads\/2025\/12\/Frame-36-1.webp\" class=\"w-100 d-md-none\" alt=\"AFK Spins banner desktop\" fetchpriority=\"high\" decoding=\"async\"><div class=\"banner-description\">\n<div class=\"banner-title\">Bonos de bienvenida<\/div>\n<p class=\"banner-header-title\">\u20ac1500<\/p>\n<div class=\"banner-header-AdditionalText\">+ 250 giros gratis<\/div>\n<p>&nbsp;<\/p>\n<div class=\"m-button-content\"><button data-item=\"homepage_banner_link\" class=\"goto m-button m-gradient-border m-button--primary m-button--large banner-button btn-orange\">\n            <div class=\"m-button-content\">\n                <span>Reg\u00edstrate gratis ahora<\/span>\n                <span><\/span>\n            <\/div>\n        <\/button><\/div>\n<p>&nbsp;<\/p>\n<\/div>\n<div class=\"WelcomePack\">\n<p><img loading=\"lazy\" decoding=\"async\" class=\"alignnone size-full wp-image-1891\" src=\"https:\/\/afk-spin.org\/wp-content\/uploads\/2026\/03\/welcome-crown.png\" alt=\"welcome crown\" width=\"25\" height=\"26\" \/><\/p>\n<div class=\"WelcomePack-Info\">\n<p>Cashback semanal de hasta el 25%<\/p>\n<\/div>\n<p><img loading=\"lazy\" decoding=\"async\" class=\"alignnone size-full wp-image-1891\" src=\"https:\/\/afk-spin.org\/wp-content\/uploads\/2026\/03\/welcome-crown.png\" alt=\"welcome crown\" width=\"25\" height=\"26\" \/><\/p>\n<\/div>\n<\/div><div class=\"scrollable-content-wrap my-5\"><div class=\"scrollable-content-inner\"><h2>AFK Spin Casino Web para Windows y Mac<\/h2>\n<p>La versi\u00f3n web principal de nuestro sitio web permite una experiencia de juego fluida en dispositivos Windows y Mac. Sin embargo, para mayor comodidad, puedes utilizar nuestra PWA no solo en tu smartphone, sino tambi\u00e9n en un ordenador port\u00e1til o PC.<\/p>\n<p>Esta aplicaci\u00f3n AFKSpin se ejecuta en su propia ventana y se inicia como un programa normal. Tambi\u00e9n puedes anclar la aplicaci\u00f3n AFK Spin a tu barra de tareas para acceder al lobby con un solo clic.<\/p>\n<p>Sigue estos pasos para instalarla en Windows o Mac:<\/p>\n<ol>\n<li>Abre nuestra p\u00e1gina de inicio en tu navegador.<\/li>\n<li>Haz clic en el icono con la flecha hacia abajo en la barra de direcciones.<\/li>\n<li>Pulsa el bot\u00f3n de instalaci\u00f3n para iniciar el proceso.<\/li>\n<\/ol>\n<p>La PWA se actualiza autom\u00e1ticamente cuando la abre. Tambi\u00e9n le da acceso directo al chat en vivo, la verificaci\u00f3n de la cuenta y su historial de transacciones. AFKSpin mantiene estas herramientas dentro de la misma interfaz, lo que permite un f\u00e1cil acceso a toda la informaci\u00f3n que pueda necesitar.<\/p>\n<p><img loading=\"lazy\" decoding=\"async\" src=\"https:\/\/afk-spin.org\/wp-content\/uploads\/2025\/11\/AFKspin-Desktop.webp\" alt=\"AFKspin Desktop\" width=\"1248\" height=\"536\" \/><\/p>\n<\/div><\/div><div style=\"clear: both\"><\/div><div class=\"d-flex justify-content-center\"><button data-item=\"decouvrez_link\" data-group=\"website_links\" class=\"goto fw-bold rounded-pill btn btn-orange\" aria-label=\"Descarga la aplicaci\u00f3n AFKspin\" >Descarga la aplicaci\u00f3n AFKspin<\/button><\/div><div class=\"scrollable-content-wrap my-5\"><div class=\"scrollable-content-inner\"><h2>Ventajas de la aplicaci\u00f3n AFKSpin Casino<\/h2>\n<p>Tanto la aplicaci\u00f3n como el sitio web ofrecen el mismo producto b\u00e1sico. La diferencia radica en c\u00f3mo se accede a \u00e9l y en la sensaci\u00f3n que se tiene durante el juego. La aplicaci\u00f3n es ideal para un uso principalmente m\u00f3vil y sesiones cortas. El sitio web funciona bien para los jugadores que prefieren una pesta\u00f1a del navegador en una pantalla m\u00e1s grande.<\/p>\n<table>\n<tbody>\n<tr>\n<td>Caracter\u00edstica<\/td>\n<td>AFKSpin app<\/td>\n<td>Sitio web de AFK Spin<\/td>\n<\/tr>\n<tr>\n<td>Acceso<\/td>\n<td>\u00c1brelo desde la pantalla de inicio o la barra de tareas sin necesidad de abrir el navegador.<\/td>\n<td>\u00c1brela en cualquier navegador en Windows o Mac<\/td>\n<\/tr>\n<tr>\n<td>Velocidad<\/td>\n<td>Carga r\u00e1pida y rendimiento fluido gracias a la optimizaci\u00f3n HTML5 y al almacenamiento en cach\u00e9<\/td>\n<td>Im\u00e1genes estables en el escritorio con controles completos del navegador<\/td>\n<\/tr>\n<tr>\n<td>Interfaz<\/td>\n<td>Dise\u00f1o t\u00e1ctil con navegaci\u00f3n por deslizamiento y rotaci\u00f3n autom\u00e1tica<\/td>\n<td>Vista de pantalla completa que admite multitarea y m\u00faltiples pesta\u00f1as<\/td>\n<\/tr>\n<tr>\n<td>Soporte<\/td>\n<td>El chat en vivo se abre dentro de la aplicaci\u00f3n<\/td>\n<td>Acceso al Centro de ayuda a trav\u00e9s del sitio web, con opciones de chat y correo electr\u00f3nico<\/td>\n<\/tr>\n<tr>\n<td>Estilo de juego<\/td>\n<td>Ideal para sesiones r\u00e1pidas cuando se dispone de una conexi\u00f3n fiable<\/td>\n<td>Ideal para sesiones m\u00e1s largas y navegaci\u00f3n prolongada<\/td>\n<\/tr>\n<tr>\n<td>Herramientas de la cuenta<\/td>\n<td>Gestiona dep\u00f3sitos, retiradas, bonificaciones y verificaciones mientras juegas<\/td>\n<td>Utiliza men\u00fas detallados para una gesti\u00f3n completa de la cuenta<\/td>\n<\/tr>\n<\/tbody>\n<\/table>\n<\/div><\/div><div style=\"clear: both\"><\/div><div class=\"d-flex justify-content-center\"><button data-item=\"decouvrez_link\" data-group=\"website_links\" class=\"goto fw-bold rounded-pill btn btn-orange\" aria-label=\"Descargar AFKspin\" >Descargar AFKspin<\/button><\/div><div class=\"scrollable-content-wrap my-5\"><div class=\"scrollable-content-inner\"><h2>\u00bfC\u00f3mo instalar la aplicaci\u00f3n AFKSpin en un dispositivo Android?<\/h2>\n<p>La instalaci\u00f3n en Android solo lleva un minuto y no requiere Google Play. Despu\u00e9s de a\u00f1adirla, la aplicaci\u00f3n AFKSpin aparecer\u00e1 en tu pantalla de inicio como cualquier otro acceso directo.<\/p>\n<ol>\n<li>Abre el sitio web en tu dispositivo m\u00f3vil.<\/li>\n<li>A\u00f1ade el icono del casino a tu pantalla de inicio a trav\u00e9s de la configuraci\u00f3n del navegador.<\/li>\n<li>Inicie la instalaci\u00f3n con solo tocar un bot\u00f3n.<\/li>\n<\/ol>\n<p>La aplicaci\u00f3n AFK Spin proporciona acceso completo a nuestras categor\u00edas de juegos, incluyendo tragamonedas y juegos de mesa, adem\u00e1s de la secci\u00f3n de casino en vivo. Tambi\u00e9n puedes reclamar promociones, cambiar l\u00edmites, realizar dep\u00f3sitos y solicitar retiros desde el mismo men\u00fa.<\/p>\n<p><img loading=\"lazy\" decoding=\"async\" src=\"https:\/\/afk-spin.org\/wp-content\/uploads\/2025\/11\/AFKspin-Android-App.webp\" alt=\"AFKspin Android\" width=\"1248\" height=\"536\" \/><\/p>\n<\/div><\/div><div style=\"clear: both\"><\/div><div class=\"d-flex justify-content-center\"><button data-item=\"decouvrez_link\" data-group=\"website_links\" class=\"goto fw-bold rounded-pill btn btn-orange\" aria-label=\"Descarga la aplicaci\u00f3n AFKspin\" >Descarga la aplicaci\u00f3n AFKspin<\/button><\/div><div class=\"scrollable-content-wrap my-5\"><div class=\"scrollable-content-inner\"><h2>AFKSpin app para iOS<\/h2>\n<p>Si utilizas un iPhone o iPad, puedes instalar nuestra PWA directamente desde Safari. La aplicaci\u00f3n AFKSpin funciona en las versiones modernas de iOS y no requiere la App Store. Mantiene el mismo inicio de sesi\u00f3n y el mismo cajero, por lo que puedes cambiar de dispositivo sin necesidad de realizar configuraciones adicionales.<\/p>\n<h3>Instalaci\u00f3n de la aplicaci\u00f3n en iOS<\/h3>\n<p>Sigue estos pasos para colocar el icono en tu tel\u00e9fono:<\/p>\n<ol>\n<li>Abre la p\u00e1gina de inicio en Safari.<\/li>\n<li>A\u00f1ade el icono del casino a tu pantalla de inicio seleccionando la opci\u00f3n adecuada en la configuraci\u00f3n del navegador.<\/li>\n<li>Inicia la aplicaci\u00f3n AFKSpin desde tu pantalla de inicio e inicia sesi\u00f3n.<\/li>\n<\/ol>\n<p>La aplicaci\u00f3n AFK Spin permanece en tu pantalla de inicio, por lo que puedes volver a ella con un solo toque. Una vez que hayas completado la configuraci\u00f3n, la aplicaci\u00f3n del casino AFK Spin te ofrece un acceso r\u00e1pido a torneos y salas con crupieres en vivo. Tu saldo permanece visible en una sola vista. Tambi\u00e9n puedes activar las notificaciones en la configuraci\u00f3n de tu navegador para mantenerte informado sobre las ofertas por tiempo limitado.<\/p>\n<p><img loading=\"lazy\" decoding=\"async\" src=\"https:\/\/afk-spin.org\/wp-content\/uploads\/2025\/11\/AFKspin-iOS-App.webp\" alt=\"AFKspin iOS\" width=\"1248\" height=\"536\" \/><\/p>\n<\/div><\/div><div style=\"clear: both\"><\/div><div class=\"d-flex justify-content-center\"><button data-item=\"decouvrez_link\" data-group=\"website_links\" class=\"goto fw-bold rounded-pill btn btn-orange\" aria-label=\"Descargar AFKspin\" >Descargar AFKspin<\/button><\/div><div class=\"scrollable-content-wrap my-5\"><div class=\"scrollable-content-inner\"><h2>Preguntas frecuentes<\/h2>\n<h3>\u00bfQu\u00e9 plataformas m\u00f3viles son compatibles con la aplicaci\u00f3n AFKSpin Casino?<\/h3>\n<p>Puede utilizarla en Android e iOS. Tambi\u00e9n puede instalarla en Windows y Mac a trav\u00e9s de un navegador compatible. Este formato mantiene un rendimiento estable y evita descargas pesadas, al tiempo que le ofrece una experiencia completa en el lobby.<\/p>\n<h3>\u00bfLos jugadores m\u00f3viles reciben bonificaciones exclusivas?<\/h3>\n<p>En AFK Spin, a veces enviamos promociones exclusivas para m\u00f3viles y alertas breves para campa\u00f1as limitadas. Puedes reclamar estas ofertas desde tu perfil y utilizarlas en los juegos elegibles.<\/p>\n<h3>\u00bfPuedo descargar la aplicaci\u00f3n directamente desde la tienda?<\/h3>\n<p>No. Puedes instalar la aplicaci\u00f3n AFKSpin desde nuestro sitio web. La aplicaci\u00f3n AFKSpin se actualiza autom\u00e1ticamente y utiliza menos almacenamiento que muchas aplicaciones nativas. Si deseas un acceso directo en el escritorio, tambi\u00e9n puedes instalar la aplicaci\u00f3n AFK Spin con unos pocos clics.<\/p>\n<h3>\u00bfLa aplicaci\u00f3n es segura?<\/h3>\n<p>Utilizamos la tecnolog\u00eda de cifrado de datos m\u00e1s avanzada para proteger tu informaci\u00f3n confidencial, independientemente del dispositivo que utilices. AFKSpin tambi\u00e9n admite comprobaciones de verificaci\u00f3n est\u00e1ndar, que nos ayudan a confirmar la autenticidad de tus credenciales antes de aprobar los retiros. Cuando juegas, la aplicaci\u00f3n AFK Spin Casino sigue las mismas reglas de seguridad que el sitio de escritorio.<\/p>\n<\/div><\/div><\/p>\n","protected":false},"excerpt":{"rendered":"<p>AFKSpin App m\u00f3vil La AFKSpin app funciona como una aplicaci\u00f3n web progresiva (PWA) que te permite abrir nuestro lobby con solo tocar un icono en tu pantalla de inicio. Te ofrece un acceso m\u00e1s r\u00e1pido a m\u00e1s de 6.000 t\u00edtulos a trav\u00e9s de un dispositivo m\u00f3vil, con tragamonedas, mesas con crupier en vivo y juegos [&hellip;]<\/p>\n","protected":false},"author":1,"featured_media":0,"parent":0,"menu_order":0,"comment_status":"closed","ping_status":"closed","template":"template-builder.php","meta":{"_acf_changed":false,"inline_featured_image":false,"footnotes":""},"class_list":["post-1421","page","type-page","status-publish","hentry"],"acf":[],"yoast_head":"<!-- This site is optimized with the Yoast SEO plugin v27.3 - https:\/\/yoast.com\/product\/yoast-seo-wordpress\/ -->\n<title>AFKSpin app | Aplicaci\u00f3n m\u00f3vil para Android &amp; iOS<\/title>\n<meta name=\"description\" content=\"Instala la AFK Spin application en minutos y juega en Android &amp; iOS con rendimiento fluido, inicio de sesi\u00f3n seguro, opciones de pago y retiros r\u00e1pidos.\" \/>\n<meta name=\"robots\" content=\"index, follow, max-snippet:-1, max-image-preview:large, max-video-preview:-1\" \/>\n<link rel=\"canonical\" href=\"https:\/\/afk-spin.org\/es\/aplicacion\/\" \/>\n<meta property=\"og:locale\" content=\"es_ES\" \/>\n<meta property=\"og:type\" content=\"article\" \/>\n<meta property=\"og:title\" content=\"AFKSpin app | Aplicaci\u00f3n m\u00f3vil para Android &amp; iOS\" \/>\n<meta property=\"og:description\" content=\"Instala la AFK Spin application en minutos y juega en Android &amp; iOS con rendimiento fluido, inicio de sesi\u00f3n seguro, opciones de pago y retiros r\u00e1pidos.\" \/>\n<meta property=\"og:url\" content=\"https:\/\/afk-spin.org\/es\/aplicacion\/\" \/>\n<meta property=\"og:site_name\" content=\"afkspin\" \/>\n<meta property=\"article:modified_time\" content=\"2026-03-18T11:16:58+00:00\" \/>\n<meta name=\"twitter:card\" content=\"summary_large_image\" \/>\n<meta name=\"twitter:label1\" content=\"Est. reading time\" \/>\n\t<meta name=\"twitter:data1\" content=\"1 minuto\" \/>\n<script type=\"application\/ld+json\" class=\"yoast-schema-graph\">{\"@context\":\"https:\\\/\\\/schema.org\",\"@graph\":[{\"@type\":\"WebPage\",\"@id\":\"https:\\\/\\\/afk-spin.org\\\/es\\\/aplicacion\\\/\",\"url\":\"https:\\\/\\\/afk-spin.org\\\/es\\\/aplicacion\\\/\",\"name\":\"AFKSpin app | Aplicaci\u00f3n m\u00f3vil para Android & iOS\",\"isPartOf\":{\"@id\":\"https:\\\/\\\/afk-spin.org\\\/es\\\/#website\"},\"datePublished\":\"2025-11-13T12:20:50+00:00\",\"dateModified\":\"2026-03-18T11:16:58+00:00\",\"description\":\"Instala la AFK Spin application en minutos y juega en Android & iOS con rendimiento fluido, inicio de sesi\u00f3n seguro, opciones de pago y retiros r\u00e1pidos.\",\"breadcrumb\":{\"@id\":\"https:\\\/\\\/afk-spin.org\\\/es\\\/aplicacion\\\/#breadcrumb\"},\"inLanguage\":\"es\",\"potentialAction\":[{\"@type\":\"ReadAction\",\"target\":[\"https:\\\/\\\/afk-spin.org\\\/es\\\/aplicacion\\\/\"]}]},{\"@type\":\"BreadcrumbList\",\"@id\":\"https:\\\/\\\/afk-spin.org\\\/es\\\/aplicacion\\\/#breadcrumb\",\"itemListElement\":[{\"@type\":\"ListItem\",\"position\":1,\"name\":\"Afkspin\",\"item\":\"https:\\\/\\\/afk-spin.org\\\/es\\\/\"},{\"@type\":\"ListItem\",\"position\":2,\"name\":\"Aplicaci\u00f3n\"}]},{\"@type\":\"WebSite\",\"@id\":\"https:\\\/\\\/afk-spin.org\\\/es\\\/#website\",\"url\":\"https:\\\/\\\/afk-spin.org\\\/es\\\/\",\"name\":\"Afkspin\",\"description\":\"\",\"publisher\":{\"@id\":\"https:\\\/\\\/afk-spin.org\\\/es\\\/#organization\"},\"potentialAction\":[{\"@type\":\"SearchAction\",\"target\":{\"@type\":\"EntryPoint\",\"urlTemplate\":\"https:\\\/\\\/afk-spin.org\\\/es\\\/?s={search_term_string}\"},\"query-input\":{\"@type\":\"PropertyValueSpecification\",\"valueRequired\":true,\"valueName\":\"search_term_string\"}}],\"inLanguage\":\"es\"},{\"@type\":\"Organization\",\"@id\":\"https:\\\/\\\/afk-spin.org\\\/es\\\/#organization\",\"name\":\"Afkspin\",\"url\":\"https:\\\/\\\/afk-spin.org\\\/es\\\/\",\"logo\":{\"@type\":\"ImageObject\",\"inLanguage\":\"es\",\"@id\":\"https:\\\/\\\/afk-spin.org\\\/es\\\/#\\\/schema\\\/logo\\\/image\\\/\",\"url\":\"https:\\\/\\\/afk-spin.org\\\/wp-content\\\/uploads\\\/2025\\\/11\\\/logo.svg\",\"contentUrl\":\"https:\\\/\\\/afk-spin.org\\\/wp-content\\\/uploads\\\/2025\\\/11\\\/logo.svg\",\"width\":84,\"height\":24,\"caption\":\"Afkspin\"},\"image\":{\"@id\":\"https:\\\/\\\/afk-spin.org\\\/es\\\/#\\\/schema\\\/logo\\\/image\\\/\"}}]}<\/script>\n<!-- \/ Yoast SEO plugin. -->","yoast_head_json":{"title":"AFKSpin app | Aplicaci\u00f3n m\u00f3vil para Android & iOS","description":"Instala la AFK Spin application en minutos y juega en Android & iOS con rendimiento fluido, inicio de sesi\u00f3n seguro, opciones de pago y retiros r\u00e1pidos.","robots":{"index":"index","follow":"follow","max-snippet":"max-snippet:-1","max-image-preview":"max-image-preview:large","max-video-preview":"max-video-preview:-1"},"canonical":"https:\/\/afk-spin.org\/es\/aplicacion\/","og_locale":"es_ES","og_type":"article","og_title":"AFKSpin app | Aplicaci\u00f3n m\u00f3vil para Android & iOS","og_description":"Instala la AFK Spin application en minutos y juega en Android & iOS con rendimiento fluido, inicio de sesi\u00f3n seguro, opciones de pago y retiros r\u00e1pidos.","og_url":"https:\/\/afk-spin.org\/es\/aplicacion\/","og_site_name":"afkspin","article_modified_time":"2026-03-18T11:16:58+00:00","twitter_card":"summary_large_image","twitter_misc":{"Est. reading time":"1 minuto"},"schema":{"@context":"https:\/\/schema.org","@graph":[{"@type":"WebPage","@id":"https:\/\/afk-spin.org\/es\/aplicacion\/","url":"https:\/\/afk-spin.org\/es\/aplicacion\/","name":"AFKSpin app | Aplicaci\u00f3n m\u00f3vil para Android & iOS","isPartOf":{"@id":"https:\/\/afk-spin.org\/es\/#website"},"datePublished":"2025-11-13T12:20:50+00:00","dateModified":"2026-03-18T11:16:58+00:00","description":"Instala la AFK Spin application en minutos y juega en Android & iOS con rendimiento fluido, inicio de sesi\u00f3n seguro, opciones de pago y retiros r\u00e1pidos.","breadcrumb":{"@id":"https:\/\/afk-spin.org\/es\/aplicacion\/#breadcrumb"},"inLanguage":"es","potentialAction":[{"@type":"ReadAction","target":["https:\/\/afk-spin.org\/es\/aplicacion\/"]}]},{"@type":"BreadcrumbList","@id":"https:\/\/afk-spin.org\/es\/aplicacion\/#breadcrumb","itemListElement":[{"@type":"ListItem","position":1,"name":"Afkspin","item":"https:\/\/afk-spin.org\/es\/"},{"@type":"ListItem","position":2,"name":"Aplicaci\u00f3n"}]},{"@type":"WebSite","@id":"https:\/\/afk-spin.org\/es\/#website","url":"https:\/\/afk-spin.org\/es\/","name":"Afkspin","description":"","publisher":{"@id":"https:\/\/afk-spin.org\/es\/#organization"},"potentialAction":[{"@type":"SearchAction","target":{"@type":"EntryPoint","urlTemplate":"https:\/\/afk-spin.org\/es\/?s={search_term_string}"},"query-input":{"@type":"PropertyValueSpecification","valueRequired":true,"valueName":"search_term_string"}}],"inLanguage":"es"},{"@type":"Organization","@id":"https:\/\/afk-spin.org\/es\/#organization","name":"Afkspin","url":"https:\/\/afk-spin.org\/es\/","logo":{"@type":"ImageObject","inLanguage":"es","@id":"https:\/\/afk-spin.org\/es\/#\/schema\/logo\/image\/","url":"https:\/\/afk-spin.org\/wp-content\/uploads\/2025\/11\/logo.svg","contentUrl":"https:\/\/afk-spin.org\/wp-content\/uploads\/2025\/11\/logo.svg","width":84,"height":24,"caption":"Afkspin"},"image":{"@id":"https:\/\/afk-spin.org\/es\/#\/schema\/logo\/image\/"}}]}},"_links":{"self":[{"href":"https:\/\/afk-spin.org\/es\/wp-json\/wp\/v2\/pages\/1421","targetHints":{"allow":["GET"]}}],"collection":[{"href":"https:\/\/afk-spin.org\/es\/wp-json\/wp\/v2\/pages"}],"about":[{"href":"https:\/\/afk-spin.org\/es\/wp-json\/wp\/v2\/types\/page"}],"author":[{"embeddable":true,"href":"https:\/\/afk-spin.org\/es\/wp-json\/wp\/v2\/users\/1"}],"replies":[{"embeddable":true,"href":"https:\/\/afk-spin.org\/es\/wp-json\/wp\/v2\/comments?post=1421"}],"version-history":[{"count":3,"href":"https:\/\/afk-spin.org\/es\/wp-json\/wp\/v2\/pages\/1421\/revisions"}],"predecessor-version":[{"id":1964,"href":"https:\/\/afk-spin.org\/es\/wp-json\/wp\/v2\/pages\/1421\/revisions\/1964"}],"wp:attachment":[{"href":"https:\/\/afk-spin.org\/es\/wp-json\/wp\/v2\/media?parent=1421"}],"curies":[{"name":"wp","href":"https:\/\/api.w.org\/{rel}","templated":true}]}}