{"id":1414,"date":"2025-11-13T12:20:50","date_gmt":"2025-11-13T12:20:50","guid":{"rendered":"https:\/\/afk-spin.org\/app-2\/"},"modified":"2026-03-18T10:10:21","modified_gmt":"2026-03-18T10:10:21","slug":"app","status":"publish","type":"page","link":"https:\/\/afk-spin.org\/de\/app\/","title":{"rendered":"App"},"content":{"rendered":"<h1>AFKSpin App f\u00fcr Mobilger\u00e4te<\/h1>\n<p>Die AFKSpin App funktioniert als Progressive Web Application (PWA), mit der Sie unsere Lobby durch einfaches Antippen eines Symbols auf Ihrem Startbildschirm \u00f6ffnen k\u00f6nnen. Damit haben Sie \u00fcber ein mobiles Ger\u00e4t schnelleren Zugriff auf \u00fcber 6.000 Titel, darunter Slots, Live-Dealer-Tische und klassische Spiele wie Roulette und Blackjack.<\/p>\n<p>Die AFK Spin App ist eine hervorragende L\u00f6sung f\u00fcr Spieler, die unterwegs schnelle Spielsitzungen w\u00fcnschen. Sie \u00f6ffnet sich im Vollbildmodus. Die Men\u00fcs sind einfach gehalten und die Spiele werden in modernen Browsern schnell geladen. Au\u00dferdem verwaltet AFKSpin Casino Ihre Geldb\u00f6rse, Boni und Support-Tools an einem Ort, sodass Sie keine separaten Casino-Konten f\u00fcr Desktop und Mobilger\u00e4te erstellen m\u00fcssen.<\/p>\n<p><div class=\"banner-wrap\" aria-label=\"Banner\"><img src=\"https:\/\/afk-spin.org\/wp-content\/uploads\/2025\/12\/AFK-Spins-banner-carousel-932\u044540.webp\" class=\"w-100 d-none d-lg-block img-pc main-banner-img\" alt=\"AFK Spins banner desktop\" fetchpriority=\"high\" decoding=\"async\"><img src=\"https:\/\/afk-spin.org\/wp-content\/uploads\/2025\/12\/Frame-36-1.webp\" class=\"w-100 d-none d-md-block d-lg-none main-banner-img\" alt=\"AFK Spins banner desktop\" fetchpriority=\"high\" decoding=\"async\"><img src=\"https:\/\/afk-spin.org\/wp-content\/uploads\/2025\/12\/Frame-36-1.webp\" class=\"w-100 d-md-none\" alt=\"AFK Spins banner desktop\" fetchpriority=\"high\" decoding=\"async\"><div class=\"banner-description\">\n<div class=\"banner-title\">Willkommensboni<\/div>\n<p class=\"banner-header-title\">1500 \u20ac<\/p>\n<div class=\"banner-header-AdditionalText\">+ 250 Freispiele<\/div>\n<button data-item=\"homepage_banner_link\" class=\"goto m-button m-gradient-border m-button--primary m-button--large banner-button btn-orange\">\n            <div class=\"m-button-content\">\n                <span>Melden Sie sich jetzt an<\/span>\n                <span><\/span>\n            <\/div>\n        <\/button>\n<\/div>\n<div class=\"WelcomePack\">\n<p><img loading=\"lazy\" decoding=\"async\" class=\"alignnone size-full wp-image-1887\" src=\"https:\/\/afk-spin.org\/wp-content\/uploads\/2026\/03\/welcome-crown.png\" alt=\"welcome crown\" width=\"25\" height=\"26\" \/><\/p>\n<div class=\"WelcomePack-Info\">W\u00f6chentliches Cashback bis zu 25 %<\/div>\n<p><img loading=\"lazy\" decoding=\"async\" class=\"alignnone size-full wp-image-1887\" src=\"https:\/\/afk-spin.org\/wp-content\/uploads\/2026\/03\/welcome-crown.png\" alt=\"welcome crown\" width=\"25\" height=\"26\" \/><\/p>\n<\/div>\n<\/div><div class=\"scrollable-content-wrap my-5\"><div class=\"scrollable-content-inner\"><h2>AFK Spin Casino Web f\u00fcr Windows und Mac<\/h2>\n<p>Die Hauptversion unserer Website erm\u00f6glicht ein nahtloses Spielerlebnis auf Windows- und Mac-Ger\u00e4ten. F\u00fcr noch mehr Komfort k\u00f6nnen Sie unsere PWA jedoch nicht nur auf Ihrem Smartphone, sondern auch auf einem Laptop oder PC nutzen.<\/p>\n<p>Diese AFKSpin Anwendung l\u00e4uft in einem eigenen Fenster und wird wie ein normales Programm gestartet. Sie k\u00f6nnen die AFK Spin Anwendung auch an Ihre Taskleiste anheften, um mit einem Klick zur Lobby zu gelangen.<\/p>\n<p>Befolgen Sie diese Schritte, um sie unter Windows oder Mac zu installieren:<\/p>\n<ol>\n<li>\u00d6ffnen Sie unsere Homepage in Ihrem Browser.<\/li>\n<li>Klicken Sie auf das Symbol mit dem Abw\u00e4rtspfeil in der Adressleiste.<\/li>\n<li>Tippen Sie auf die Schaltfl\u00e4che \u201eInstallieren\u201c, um den Vorgang zu starten.<\/li>\n<\/ol>\n<p>Die PWA wird automatisch aktualisiert, wenn Sie sie \u00f6ffnen. Au\u00dferdem erhalten Sie direkten Zugriff auf den Live Chat, die Konto\u00fcberpr\u00fcfung und Ihren Transaktionsverlauf. AFKSpin vereint diese Tools in derselben Benutzeroberfl\u00e4che, sodass Sie einfachen Zugriff auf alle Informationen haben, die Sie ben\u00f6tigen.<\/p>\n<p><img loading=\"lazy\" decoding=\"async\" src=\"https:\/\/afk-spin.org\/wp-content\/uploads\/2025\/11\/AFKspin-Desktop.webp\" alt=\"AFKspin Desktop\" width=\"1248\" height=\"536\" \/><\/p>\n<\/div><\/div><div style=\"clear: both\"><\/div><div class=\"d-flex justify-content-center\"><button data-item=\"decouvrez_link\" data-group=\"website_links\" class=\"goto fw-bold rounded-pill btn btn-orange\" aria-label=\"Laden Sie die AFKspin Casino App herunter\" >Laden Sie die AFKspin Casino App herunter<\/button><\/div><div class=\"scrollable-content-wrap my-5\"><div class=\"scrollable-content-inner\"><h2>Vorteile der AFKSpin Casino App<\/h2>\n<p>Sowohl die App als auch die Website bieten das gleiche Kernprodukt. Der Unterschied besteht darin, wie Sie darauf zugreifen und wie es sich w\u00e4hrend des Spielens anf\u00fchlt. Die App eignet sich f\u00fcr die mobile Nutzung und kurze Spielsitzungen. Die Website eignet sich gut f\u00fcr Spieler, die einen Browser-Tab auf einem gr\u00f6\u00dferen Bildschirm bevorzugen.<\/p>\n<table>\n<tbody>\n<tr>\n<td>Funktion<\/td>\n<td>AFKSpin App<\/td>\n<td>AFK Spin Website<\/td>\n<\/tr>\n<tr>\n<td>Zugriff<\/td>\n<td>\u00d6ffnen Sie die App \u00fcber Ihren Startbildschirm oder die Taskleiste, ohne den Browser zu \u00f6ffnen.<\/td>\n<td>\u00d6ffnen Sie sie in einem beliebigen Browser unter Windows oder Mac<\/td>\n<\/tr>\n<tr>\n<td>Geschwindigkeit<\/td>\n<td>Schnelles Laden und reibungslose Leistung dank HTML5-Optimierung und Caching<\/td>\n<td>Stabile Darstellung auf dem Desktop mit vollst\u00e4ndiger Browsersteuerung<\/td>\n<\/tr>\n<tr>\n<td>Benutzeroberfl\u00e4che<\/td>\n<td>Touch-freundliches Layout mit Wischnavigation und automatischer Drehung<\/td>\n<td>Vollbildansicht, die Multitasking und mehrere Registerkarten unterst\u00fctzt<\/td>\n<\/tr>\n<tr>\n<td>Support<\/td>\n<td>Live Chat wird innerhalb der App ge\u00f6ffnet<\/td>\n<td>Zugriff auf das Hilfe-Center \u00fcber die Website mit Chat- und E-Mail-Optionen<\/td>\n<\/tr>\n<tr>\n<td>Spielstil<\/td>\n<td>Am besten geeignet f\u00fcr kurze Spielsitzungen, wenn Sie \u00fcber eine zuverl\u00e4ssige Verbindung verf\u00fcgen<\/td>\n<td>Am besten geeignet f\u00fcr l\u00e4ngere Sitzungen und ausgedehnte Navigation<\/td>\n<\/tr>\n<tr>\n<td>Konto-Tools<\/td>\n<td>Verwalten Sie Einzahlungen, Auszahlungen, Boni und Verifizierungen, w\u00e4hrend Sie spielen<\/td>\n<td>Verwenden Sie detaillierte Men\u00fcs f\u00fcr die vollst\u00e4ndige Kontoverwaltung<\/td>\n<\/tr>\n<\/tbody>\n<\/table>\n<\/div><\/div><div style=\"clear: both\"><\/div><div class=\"d-flex justify-content-center\"><button data-item=\"decouvrez_link\" data-group=\"website_links\" class=\"goto fw-bold rounded-pill btn btn-orange\" aria-label=\"AFKspin herunterladen\" >AFKspin herunterladen<\/button><\/div><div class=\"scrollable-content-wrap my-5\"><div class=\"scrollable-content-inner\"><h2>Wie installiere ich die AFKSpin App auf einem Android-Ger\u00e4t?<\/h2>\n<p>Die Installation auf Android dauert nur eine Minute und erfordert kein Google Play. Nachdem Sie sie hinzugef\u00fcgt haben, erscheint die AFKSpin App wie jede andere Verkn\u00fcpfung auf Ihrem Startbildschirm.<\/p>\n<ol>\n<li>\u00d6ffnen Sie die Website auf Ihrem Mobilger\u00e4t.<\/li>\n<li>F\u00fcgen Sie das Casino-Symbol \u00fcber die Browsereinstellungen zu Ihrem Startbildschirm hinzu.<\/li>\n<li>Starten Sie die Installation mit einem Fingertipp auf eine Schaltfl\u00e4che.<\/li>\n<\/ol>\n<p>Die AFK Spin App bietet vollen Zugriff auf unsere Spielkategorien, einschlie\u00dflich Slots und Tischspielen, sowie auf den Live-Casino-Bereich. \u00dcber dasselbe Men\u00fc k\u00f6nnen Sie auch Werbeaktionen in Anspruch nehmen, Limits \u00e4ndern, Einzahlungen vornehmen und Auszahlungen beantragen.<\/p>\n<p><img loading=\"lazy\" decoding=\"async\" src=\"https:\/\/afk-spin.org\/wp-content\/uploads\/2025\/11\/AFKspin-Android-App.webp\" alt=\"AFKspin Android\" width=\"1248\" height=\"536\" \/><\/p>\n<\/div><\/div><div style=\"clear: both\"><\/div><div class=\"d-flex justify-content-center\"><button data-item=\"decouvrez_link\" data-group=\"website_links\" class=\"goto fw-bold rounded-pill btn btn-orange\" aria-label=\"Laden Sie die AFKspin Casino App herunter\" >Laden Sie die AFKspin Casino App herunter<\/button><\/div><div class=\"scrollable-content-wrap my-5\"><div class=\"scrollable-content-inner\"><h2>AFKSpin iOS-Anwendung<\/h2>\n<p>Wenn Sie ein iPhone oder iPad verwenden, k\u00f6nnen Sie unsere PWA direkt \u00fcber Safari installieren. Die AFKSpin Anwendung funktioniert mit allen modernen iOS-Versionen und erfordert keinen App Store. Sie beh\u00e4lt denselben Login und dieselbe Kasse bei, sodass Sie ohne zus\u00e4tzliche Einrichtung zwischen Ger\u00e4ten wechseln k\u00f6nnen.<\/p>\n<h3>Installation der App auf iOS<\/h3>\n<p>Befolgen Sie diese Schritte, um das Symbol auf Ihrem Telefon zu platzieren:<\/p>\n<ol>\n<li>\u00d6ffnen Sie die Startseite in Safari.<\/li>\n<li>F\u00fcgen Sie das Casino-Symbol zu Ihrem Startbildschirm hinzu, indem Sie die richtige Option in den Browsereinstellungen ausw\u00e4hlen.<\/li>\n<li>Starten Sie die AFKSpin App von Ihrem Startbildschirm aus und melden Sie sich an.<\/li>\n<\/ol>\n<p>Die AFK Spin App bleibt auf Ihrem Startbildschirm, sodass Sie mit einem Fingertipp zur\u00fcckkehren k\u00f6nnen. Sobald Sie die Einrichtung abgeschlossen haben, bietet Ihnen die AFK Spin Casino App schnellen Zugriff auf Turniere und Live-Dealer-R\u00e4ume. Ihr Guthaben bleibt in einer Ansicht sichtbar. Sie k\u00f6nnen auch Benachrichtigungen in Ihren Browsereinstellungen aktivieren, um \u00fcber zeitlich begrenzte Angebote informiert zu bleiben.<\/p>\n<p><img loading=\"lazy\" decoding=\"async\" src=\"https:\/\/afk-spin.org\/wp-content\/uploads\/2025\/11\/AFKspin-iOS-App.webp\" alt=\"AFKspin iOS\" width=\"1248\" height=\"536\" \/><\/p>\n<\/div><\/div><div style=\"clear: both\"><\/div><div class=\"d-flex justify-content-center\"><button data-item=\"decouvrez_link\" data-group=\"website_links\" class=\"goto fw-bold rounded-pill btn btn-orange\" aria-label=\"AFKspin herunterladen\" >AFKspin herunterladen<\/button><\/div><div class=\"scrollable-content-wrap my-5\"><div class=\"scrollable-content-inner\"><h2>FAQ<\/h2>\n<h3>Welche mobilen Plattformen sind mit der AFKSpin Casino App kompatibel?<\/h3>\n<p>Sie k\u00f6nnen sie auf Android und iOS verwenden. Sie k\u00f6nnen sie auch \u00fcber einen unterst\u00fctzten Browser auf Windows und Mac installieren. Dieses Format sorgt f\u00fcr eine stabile Leistung und vermeidet umfangreiche Downloads, w\u00e4hrend Sie dennoch das volle Lobby-Erlebnis genie\u00dfen k\u00f6nnen.<\/p>\n<h3>Erhalten mobile Spieler exklusive Boni?<\/h3>\n<p>Bei AFK Spin versenden wir manchmal exklusive Promotionen f\u00fcr Mobilger\u00e4te und kurze Benachrichtigungen f\u00fcr zeitlich begrenzte Kampagnen. Sie k\u00f6nnen diese Angebote \u00fcber Ihr Profil einl\u00f6sen und f\u00fcr berechtigte Spiele nutzen.<\/p>\n<h3>Kann ich die App direkt aus dem Store herunterladen?<\/h3>\n<p>Nein. Sie k\u00f6nnen die AFKSpin App von unserer Website installieren. Die AFKSpin-Anwendung wird automatisch aktualisiert und ben\u00f6tigt weniger Speicherplatz als viele native Apps. Wenn Sie eine Desktop-Verkn\u00fcpfung w\u00fcnschen, k\u00f6nnen Sie die AFK Spin-Anwendung auch mit wenigen Klicks installieren.<\/p>\n<h3>Ist die App sicher?<\/h3>\n<p>Wir verwenden die fortschrittlichste Datenverschl\u00fcsselungstechnologie, um Ihre sensiblen Daten zu sch\u00fctzen, unabh\u00e4ngig davon, welches Ger\u00e4t Sie verwenden. AFKSpin unterst\u00fctzt auch Standard-Verifizierungspr\u00fcfungen, mit denen wir die Echtheit Ihrer Anmeldedaten best\u00e4tigen k\u00f6nnen, bevor wir Auszahlungen genehmigen. Wenn Sie spielen, befolgt die AFK Spin Casino App dieselben Sicherheitsregeln wie die Desktop-Website.<\/p>\n<\/div><\/div><\/p>\n","protected":false},"excerpt":{"rendered":"<p>AFKSpin App f\u00fcr Mobilger\u00e4te Die AFKSpin App funktioniert als Progressive Web Application (PWA), mit der Sie unsere Lobby durch einfaches Antippen eines Symbols auf Ihrem Startbildschirm \u00f6ffnen k\u00f6nnen. Damit haben Sie \u00fcber ein mobiles Ger\u00e4t schnelleren Zugriff auf \u00fcber 6.000 Titel, darunter Slots, Live-Dealer-Tische und klassische Spiele wie Roulette und Blackjack. Die AFK Spin App [&hellip;]<\/p>\n","protected":false},"author":1,"featured_media":0,"parent":0,"menu_order":0,"comment_status":"closed","ping_status":"closed","template":"template-builder.php","meta":{"_acf_changed":false,"inline_featured_image":false,"footnotes":""},"class_list":["post-1414","page","type-page","status-publish","hentry"],"acf":[],"yoast_head":"<!-- This site is optimized with the Yoast SEO plugin v27.3 - https:\/\/yoast.com\/product\/yoast-seo-wordpress\/ -->\n<title>AFKSpin app | Mobile-App f\u00fcr Android &amp; iOS<\/title>\n<meta name=\"description\" content=\"Installiere die AFK Spin application in wenigen Minuten und spiele auf Android &amp; iOS mit fl\u00fcssiger Performance, sicherem Login, Zahlungsoptionen und schnellen Auszahlungen.\" \/>\n<meta name=\"robots\" content=\"index, follow, max-snippet:-1, max-image-preview:large, max-video-preview:-1\" \/>\n<link rel=\"canonical\" href=\"https:\/\/afk-spin.org\/de\/app\/\" \/>\n<meta property=\"og:locale\" content=\"de_DE\" \/>\n<meta property=\"og:type\" content=\"article\" \/>\n<meta property=\"og:title\" content=\"AFKSpin app | Mobile-App f\u00fcr Android &amp; iOS\" \/>\n<meta property=\"og:description\" content=\"Installiere die AFK Spin application in wenigen Minuten und spiele auf Android &amp; iOS mit fl\u00fcssiger Performance, sicherem Login, Zahlungsoptionen und schnellen Auszahlungen.\" \/>\n<meta property=\"og:url\" content=\"https:\/\/afk-spin.org\/de\/app\/\" \/>\n<meta property=\"og:site_name\" content=\"afkspin\" \/>\n<meta property=\"article:modified_time\" content=\"2026-03-18T10:10:21+00:00\" \/>\n<meta name=\"twitter:card\" content=\"summary_large_image\" \/>\n<meta name=\"twitter:label1\" content=\"Gesch\u00e4tzte Lesezeit\" \/>\n\t<meta name=\"twitter:data1\" content=\"1\u00a0Minute\" \/>\n<script type=\"application\/ld+json\" class=\"yoast-schema-graph\">{\"@context\":\"https:\\\/\\\/schema.org\",\"@graph\":[{\"@type\":\"WebPage\",\"@id\":\"https:\\\/\\\/afk-spin.org\\\/de\\\/app\\\/\",\"url\":\"https:\\\/\\\/afk-spin.org\\\/de\\\/app\\\/\",\"name\":\"AFKSpin app | Mobile-App f\u00fcr Android & iOS\",\"isPartOf\":{\"@id\":\"https:\\\/\\\/afk-spin.org\\\/de\\\/#website\"},\"datePublished\":\"2025-11-13T12:20:50+00:00\",\"dateModified\":\"2026-03-18T10:10:21+00:00\",\"description\":\"Installiere die AFK Spin application in wenigen Minuten und spiele auf Android & iOS mit fl\u00fcssiger Performance, sicherem Login, Zahlungsoptionen und schnellen Auszahlungen.\",\"breadcrumb\":{\"@id\":\"https:\\\/\\\/afk-spin.org\\\/de\\\/app\\\/#breadcrumb\"},\"inLanguage\":\"de\",\"potentialAction\":[{\"@type\":\"ReadAction\",\"target\":[\"https:\\\/\\\/afk-spin.org\\\/de\\\/app\\\/\"]}]},{\"@type\":\"BreadcrumbList\",\"@id\":\"https:\\\/\\\/afk-spin.org\\\/de\\\/app\\\/#breadcrumb\",\"itemListElement\":[{\"@type\":\"ListItem\",\"position\":1,\"name\":\"Afkspin\",\"item\":\"https:\\\/\\\/afk-spin.org\\\/de\\\/\"},{\"@type\":\"ListItem\",\"position\":2,\"name\":\"App\"}]},{\"@type\":\"WebSite\",\"@id\":\"https:\\\/\\\/afk-spin.org\\\/de\\\/#website\",\"url\":\"https:\\\/\\\/afk-spin.org\\\/de\\\/\",\"name\":\"Afkspin\",\"description\":\"\",\"publisher\":{\"@id\":\"https:\\\/\\\/afk-spin.org\\\/de\\\/#organization\"},\"potentialAction\":[{\"@type\":\"SearchAction\",\"target\":{\"@type\":\"EntryPoint\",\"urlTemplate\":\"https:\\\/\\\/afk-spin.org\\\/de\\\/?s={search_term_string}\"},\"query-input\":{\"@type\":\"PropertyValueSpecification\",\"valueRequired\":true,\"valueName\":\"search_term_string\"}}],\"inLanguage\":\"de\"},{\"@type\":\"Organization\",\"@id\":\"https:\\\/\\\/afk-spin.org\\\/de\\\/#organization\",\"name\":\"Afkspin\",\"url\":\"https:\\\/\\\/afk-spin.org\\\/de\\\/\",\"logo\":{\"@type\":\"ImageObject\",\"inLanguage\":\"de\",\"@id\":\"https:\\\/\\\/afk-spin.org\\\/de\\\/#\\\/schema\\\/logo\\\/image\\\/\",\"url\":\"https:\\\/\\\/afk-spin.org\\\/wp-content\\\/uploads\\\/2025\\\/11\\\/logo.svg\",\"contentUrl\":\"https:\\\/\\\/afk-spin.org\\\/wp-content\\\/uploads\\\/2025\\\/11\\\/logo.svg\",\"width\":84,\"height\":24,\"caption\":\"Afkspin\"},\"image\":{\"@id\":\"https:\\\/\\\/afk-spin.org\\\/de\\\/#\\\/schema\\\/logo\\\/image\\\/\"}}]}<\/script>\n<!-- \/ Yoast SEO plugin. -->","yoast_head_json":{"title":"AFKSpin app | Mobile-App f\u00fcr Android & iOS","description":"Installiere die AFK Spin application in wenigen Minuten und spiele auf Android & iOS mit fl\u00fcssiger Performance, sicherem Login, Zahlungsoptionen und schnellen Auszahlungen.","robots":{"index":"index","follow":"follow","max-snippet":"max-snippet:-1","max-image-preview":"max-image-preview:large","max-video-preview":"max-video-preview:-1"},"canonical":"https:\/\/afk-spin.org\/de\/app\/","og_locale":"de_DE","og_type":"article","og_title":"AFKSpin app | Mobile-App f\u00fcr Android & iOS","og_description":"Installiere die AFK Spin application in wenigen Minuten und spiele auf Android & iOS mit fl\u00fcssiger Performance, sicherem Login, Zahlungsoptionen und schnellen Auszahlungen.","og_url":"https:\/\/afk-spin.org\/de\/app\/","og_site_name":"afkspin","article_modified_time":"2026-03-18T10:10:21+00:00","twitter_card":"summary_large_image","twitter_misc":{"Gesch\u00e4tzte Lesezeit":"1\u00a0Minute"},"schema":{"@context":"https:\/\/schema.org","@graph":[{"@type":"WebPage","@id":"https:\/\/afk-spin.org\/de\/app\/","url":"https:\/\/afk-spin.org\/de\/app\/","name":"AFKSpin app | Mobile-App f\u00fcr Android & iOS","isPartOf":{"@id":"https:\/\/afk-spin.org\/de\/#website"},"datePublished":"2025-11-13T12:20:50+00:00","dateModified":"2026-03-18T10:10:21+00:00","description":"Installiere die AFK Spin application in wenigen Minuten und spiele auf Android & iOS mit fl\u00fcssiger Performance, sicherem Login, Zahlungsoptionen und schnellen Auszahlungen.","breadcrumb":{"@id":"https:\/\/afk-spin.org\/de\/app\/#breadcrumb"},"inLanguage":"de","potentialAction":[{"@type":"ReadAction","target":["https:\/\/afk-spin.org\/de\/app\/"]}]},{"@type":"BreadcrumbList","@id":"https:\/\/afk-spin.org\/de\/app\/#breadcrumb","itemListElement":[{"@type":"ListItem","position":1,"name":"Afkspin","item":"https:\/\/afk-spin.org\/de\/"},{"@type":"ListItem","position":2,"name":"App"}]},{"@type":"WebSite","@id":"https:\/\/afk-spin.org\/de\/#website","url":"https:\/\/afk-spin.org\/de\/","name":"Afkspin","description":"","publisher":{"@id":"https:\/\/afk-spin.org\/de\/#organization"},"potentialAction":[{"@type":"SearchAction","target":{"@type":"EntryPoint","urlTemplate":"https:\/\/afk-spin.org\/de\/?s={search_term_string}"},"query-input":{"@type":"PropertyValueSpecification","valueRequired":true,"valueName":"search_term_string"}}],"inLanguage":"de"},{"@type":"Organization","@id":"https:\/\/afk-spin.org\/de\/#organization","name":"Afkspin","url":"https:\/\/afk-spin.org\/de\/","logo":{"@type":"ImageObject","inLanguage":"de","@id":"https:\/\/afk-spin.org\/de\/#\/schema\/logo\/image\/","url":"https:\/\/afk-spin.org\/wp-content\/uploads\/2025\/11\/logo.svg","contentUrl":"https:\/\/afk-spin.org\/wp-content\/uploads\/2025\/11\/logo.svg","width":84,"height":24,"caption":"Afkspin"},"image":{"@id":"https:\/\/afk-spin.org\/de\/#\/schema\/logo\/image\/"}}]}},"_links":{"self":[{"href":"https:\/\/afk-spin.org\/de\/wp-json\/wp\/v2\/pages\/1414","targetHints":{"allow":["GET"]}}],"collection":[{"href":"https:\/\/afk-spin.org\/de\/wp-json\/wp\/v2\/pages"}],"about":[{"href":"https:\/\/afk-spin.org\/de\/wp-json\/wp\/v2\/types\/page"}],"author":[{"embeddable":true,"href":"https:\/\/afk-spin.org\/de\/wp-json\/wp\/v2\/users\/1"}],"replies":[{"embeddable":true,"href":"https:\/\/afk-spin.org\/de\/wp-json\/wp\/v2\/comments?post=1414"}],"version-history":[{"count":3,"href":"https:\/\/afk-spin.org\/de\/wp-json\/wp\/v2\/pages\/1414\/revisions"}],"predecessor-version":[{"id":1948,"href":"https:\/\/afk-spin.org\/de\/wp-json\/wp\/v2\/pages\/1414\/revisions\/1948"}],"wp:attachment":[{"href":"https:\/\/afk-spin.org\/de\/wp-json\/wp\/v2\/media?parent=1414"}],"curies":[{"name":"wp","href":"https:\/\/api.w.org\/{rel}","templated":true}]}}